{"id":3905,"date":"2018-12-26T20:13:50","date_gmt":"2018-12-26T19:13:50","guid":{"rendered":"http:\/\/niv.ns.ac.rs\/sr\/?page_id=3905"},"modified":"2021-04-06T13:47:41","modified_gmt":"2021-04-06T12:47:41","slug":"asf","status":"publish","type":"page","link":"https:\/\/niv.ns.ac.rs\/en\/asf\/","title":{"rendered":"\u0410\u0424\u0420\u0418\u0427\u041a\u0410 \u041a\u0423\u0413\u0410 \u0421\u0412\u0418\u040a\u0410"},"content":{"rendered":"\n<style type=\"text\/css\" data-created_by=\"avia_inline_auto\" id=\"style-css-av-3oye1v-53eef7da1e19bdaf12ce373f12a619a0\">\n.avia-section.av-3oye1v-53eef7da1e19bdaf12ce373f12a619a0{\nbackground-color:#22689e;\nbackground-image:unset;\n}\n.avia-section.av-3oye1v-53eef7da1e19bdaf12ce373f12a619a0 .av-extra-border-element .av-extra-border-inner{\nbackground-color:#22689e;\n}\n<\/style>\n<div id='av_section_1'  class='avia-section av-3oye1v-53eef7da1e19bdaf12ce373f12a619a0 main_color avia-section-small avia-no-shadow  avia-builder-el-0  el_before_av_one_full  avia-builder-el-first  avia-bg-style-scroll av-arrow-down-section av-minimum-height av-minimum-height-custom av-height-custom  container_wrap fullsize'   data-av_minimum_height_px='200'><div class='container av-section-cont-open' style='height:200px'><main  role=\"main\" itemprop=\"mainContentOfPage\"  class='template-page content  av-content-full alpha units'><div class='post-entry post-entry-type-page post-entry-3905'><div class='entry-content-wrapper clearfix'><\/div><\/div><\/main><!-- close content main element --><\/div><div class='av-extra-border-element border-extra-arrow-down'><div class='av-extra-border-outer'><div class='av-extra-border-inner'><\/div><\/div><\/div><\/div><div id='after_section_1'  class='main_color av_default_container_wrap container_wrap fullsize'  ><div class='container av-section-cont-open' ><div class='template-page content  av-content-full alpha units'><div class='post-entry post-entry-type-page post-entry-3905'><div class='entry-content-wrapper clearfix'>\n\n<style type=\"text\/css\" data-created_by=\"avia_inline_auto\" id=\"style-css-av-332pkj-21b408a39eb11c0516484f49dbc7e7b1\">\n#top .flex_column.av-332pkj-21b408a39eb11c0516484f49dbc7e7b1{\nmargin-top:0px;\nmargin-bottom:0px;\n}\n.flex_column.av-332pkj-21b408a39eb11c0516484f49dbc7e7b1{\nborder-radius:0px 0px 0px 0px;\npadding:0px 0px 0px 0px;\nbackground-color:#ffffff;\n}\n.responsive #top #wrap_all .flex_column.av-332pkj-21b408a39eb11c0516484f49dbc7e7b1{\nmargin-top:0px;\nmargin-bottom:0px;\n}\n<\/style>\n<div  class='flex_column av-332pkj-21b408a39eb11c0516484f49dbc7e7b1 av_one_full  avia-builder-el-1  el_after_av_section  el_before_av_blog  avia-builder-el-first  first no_margin flex_column_div av-animated-generic fade-in av-zero-column-padding  '     ><style type=\"text\/css\" data-created_by=\"avia_inline_auto\" id=\"style-css-av-jq4711ww-d6f72a1a413f214085c02847800220ae\">\n#top .av_textblock_section.av-jq4711ww-d6f72a1a413f214085c02847800220ae .avia_textblock{\ncolor:#edae44;\n}\n<\/style>\n<section  class='av_textblock_section av-jq4711ww-d6f72a1a413f214085c02847800220ae '   itemscope=\"itemscope\" itemtype=\"https:\/\/schema.org\/CreativeWork\" ><div class='avia_textblock av_inherit_color'  itemprop=\"text\" ><h1 style=\"text-align: center;\">\u0410\u0424\u0420\u0418\u0427\u041a\u0410 \u041a\u0423\u0413\u0410 \u0421\u0412\u0418\u040a\u0410<\/h1>\n<\/div><\/section><\/div>\n\n","protected":false},"excerpt":{"rendered":"","protected":false},"author":2,"featured_media":0,"parent":0,"menu_order":0,"comment_status":"closed","ping_status":"closed","template":"","meta":{"protect_children":false,"footnotes":""},"class_list":["post-3905","page","type-page","status-publish","hentry"],"yoast_head":"<!-- This site is optimized with the Yoast SEO Premium plugin v26.1 (Yoast SEO v26.1.1) - https:\/\/yoast.com\/wordpress\/plugins\/seo\/ -->\n<title>\u0410\u0424\u0420\u0418\u0427\u041a\u0410 \u041a\u0423\u0413\u0410 \u0421\u0412\u0418\u040a\u0410 &#171; \u041d\u0410\u0423\u0427\u041d\u0418 \u0418\u041d\u0421\u0422\u0418\u0422\u0423\u0422 \u0417\u0410 \u0412\u0415\u0422\u0415\u0420\u0418\u041d\u0410\u0420\u0421\u0422\u0412\u041e &quot;\u041d\u041e\u0412\u0418 \u0421\u0410\u0414&quot;<\/title>\n<meta name=\"description\" content=\"Najnovije informacije iz sveta i regiona u afri\u010dkoj kugi svinja i mere koje se preduzimaju radi spre\u010davanja uno\u0161enja i pojave ove bolesti u Srbiji.\" \/>\n<meta name=\"robots\" content=\"index, follow, max-snippet:-1, max-image-preview:large, max-video-preview:-1\" \/>\n<link rel=\"canonical\" href=\"https:\/\/niv.ns.ac.rs\/en\/asf\/\" \/>\n<meta property=\"og:locale\" content=\"en_US\" \/>\n<meta property=\"og:type\" content=\"article\" \/>\n<meta property=\"og:title\" content=\"\u0410\u0424\u0420\u0418\u0427\u041a\u0410 \u041a\u0423\u0413\u0410 \u0421\u0412\u0418\u040a\u0410\" \/>\n<meta property=\"og:description\" content=\"Najnovije informacije iz sveta i regiona u afri\u010dkoj kugi svinja i mere koje se preduzimaju radi spre\u010davanja uno\u0161enja i pojave ove bolesti u Srbiji.\" \/>\n<meta property=\"og:url\" content=\"https:\/\/niv.ns.ac.rs\/en\/asf\/\" \/>\n<meta property=\"og:site_name\" content=\"\u041d\u0410\u0423\u0427\u041d\u0418 \u0418\u041d\u0421\u0422\u0418\u0422\u0423\u0422 \u0417\u0410 \u0412\u0415\u0422\u0415\u0420\u0418\u041d\u0410\u0420\u0421\u0422\u0412\u041e &quot;\u041d\u041e\u0412\u0418 \u0421\u0410\u0414&quot;\" \/>\n<meta property=\"article:modified_time\" content=\"2021-04-06T12:47:41+00:00\" \/>\n<meta name=\"twitter:card\" content=\"summary_large_image\" \/>\n<meta name=\"twitter:label1\" content=\"Est. reading time\" \/>\n\t<meta name=\"twitter:data1\" content=\"2 minutes\" \/>\n<script type=\"application\/ld+json\" class=\"yoast-schema-graph\">{\"@context\":\"https:\/\/schema.org\",\"@graph\":[{\"@type\":\"WebPage\",\"@id\":\"https:\/\/niv.ns.ac.rs\/en\/asf\/\",\"url\":\"https:\/\/niv.ns.ac.rs\/en\/asf\/\",\"name\":\"\u0410\u0424\u0420\u0418\u0427\u041a\u0410 \u041a\u0423\u0413\u0410 \u0421\u0412\u0418\u040a\u0410 &#171; \u041d\u0410\u0423\u0427\u041d\u0418 \u0418\u041d\u0421\u0422\u0418\u0422\u0423\u0422 \u0417\u0410 \u0412\u0415\u0422\u0415\u0420\u0418\u041d\u0410\u0420\u0421\u0422\u0412\u041e &quot;\u041d\u041e\u0412\u0418 \u0421\u0410\u0414&quot;\",\"isPartOf\":{\"@id\":\"https:\/\/niv.ns.ac.rs\/en\/#website\"},\"datePublished\":\"2018-12-26T19:13:50+00:00\",\"dateModified\":\"2021-04-06T12:47:41+00:00\",\"description\":\"Najnovije informacije iz sveta i regiona u afri\u010dkoj kugi svinja i mere koje se preduzimaju radi spre\u010davanja uno\u0161enja i pojave ove bolesti u Srbiji.\",\"breadcrumb\":{\"@id\":\"https:\/\/niv.ns.ac.rs\/en\/asf\/#breadcrumb\"},\"inLanguage\":\"en-US\",\"potentialAction\":[{\"@type\":\"ReadAction\",\"target\":[\"https:\/\/niv.ns.ac.rs\/en\/asf\/\"]}]},{\"@type\":\"BreadcrumbList\",\"@id\":\"https:\/\/niv.ns.ac.rs\/en\/asf\/#breadcrumb\",\"itemListElement\":[{\"@type\":\"ListItem\",\"position\":1,\"name\":\"\u041f\u043e\u0447\u0435\u0442\u043d\u0430\",\"item\":\"https:\/\/niv.ns.ac.rs\/en\/\"},{\"@type\":\"ListItem\",\"position\":2,\"name\":\"\u0410\u0424\u0420\u0418\u0427\u041a\u0410 \u041a\u0423\u0413\u0410 \u0421\u0412\u0418\u040a\u0410\"}]},{\"@type\":\"WebSite\",\"@id\":\"https:\/\/niv.ns.ac.rs\/en\/#website\",\"url\":\"https:\/\/niv.ns.ac.rs\/en\/\",\"name\":\"\u041d\u0410\u0423\u0427\u041d\u0418 \u0418\u041d\u0421\u0422\u0418\u0422\u0423\u0422 \u0417\u0410 \u0412\u0415\u0422\u0415\u0420\u0418\u041d\u0410\u0420\u0421\u0422\u0412\u041e &quot;\u041d\u041e\u0412\u0418 \u0421\u0410\u0414&quot;\",\"description\":\"\u0412\u0435\u0442\u0435\u0440\u0438\u043d\u0430\u0440\u0441\u0442\u0432\u043e, \u043d\u0430\u0443\u043a\u0430\",\"publisher\":{\"@id\":\"https:\/\/niv.ns.ac.rs\/en\/#organization\"},\"potentialAction\":[{\"@type\":\"SearchAction\",\"target\":{\"@type\":\"EntryPoint\",\"urlTemplate\":\"https:\/\/niv.ns.ac.rs\/en\/?s={search_term_string}\"},\"query-input\":{\"@type\":\"PropertyValueSpecification\",\"valueRequired\":true,\"valueName\":\"search_term_string\"}}],\"inLanguage\":\"en-US\"},{\"@type\":\"Organization\",\"@id\":\"https:\/\/niv.ns.ac.rs\/en\/#organization\",\"name\":\"\u041d\u0430\u0443\u0447\u043d\u0438 \u0438\u043d\u0441\u0442\u0438\u0442\u0443\u0442 \u0437\u0430 \u0432\u0435\u0442\u0435\u0440\u0438\u043d\u0430\u0440\u0441\u0442\u0432\u043e \\\"\u041d\u043e\u0432\u0438 \u0421\u0430\u0434\\\"\",\"url\":\"https:\/\/niv.ns.ac.rs\/en\/\",\"logo\":{\"@type\":\"ImageObject\",\"inLanguage\":\"en-US\",\"@id\":\"https:\/\/niv.ns.ac.rs\/en\/#\/schema\/logo\/image\/\",\"url\":\"https:\/\/niv.ns.ac.rs\/wp-content\/uploads\/2017\/08\/pun-kolor-CIR.png\",\"contentUrl\":\"https:\/\/niv.ns.ac.rs\/wp-content\/uploads\/2017\/08\/pun-kolor-CIR.png\",\"width\":363,\"height\":494,\"caption\":\"\u041d\u0430\u0443\u0447\u043d\u0438 \u0438\u043d\u0441\u0442\u0438\u0442\u0443\u0442 \u0437\u0430 \u0432\u0435\u0442\u0435\u0440\u0438\u043d\u0430\u0440\u0441\u0442\u0432\u043e \\\"\u041d\u043e\u0432\u0438 \u0421\u0430\u0434\\\"\"},\"image\":{\"@id\":\"https:\/\/niv.ns.ac.rs\/en\/#\/schema\/logo\/image\/\"}}]}<\/script>\n<!-- \/ Yoast SEO Premium plugin. -->","yoast_head_json":{"title":"\u0410\u0424\u0420\u0418\u0427\u041a\u0410 \u041a\u0423\u0413\u0410 \u0421\u0412\u0418\u040a\u0410 &#171; \u041d\u0410\u0423\u0427\u041d\u0418 \u0418\u041d\u0421\u0422\u0418\u0422\u0423\u0422 \u0417\u0410 \u0412\u0415\u0422\u0415\u0420\u0418\u041d\u0410\u0420\u0421\u0422\u0412\u041e &quot;\u041d\u041e\u0412\u0418 \u0421\u0410\u0414&quot;","description":"Najnovije informacije iz sveta i regiona u afri\u010dkoj kugi svinja i mere koje se preduzimaju radi spre\u010davanja uno\u0161enja i pojave ove bolesti u Srbiji.","robots":{"index":"index","follow":"follow","max-snippet":"max-snippet:-1","max-image-preview":"max-image-preview:large","max-video-preview":"max-video-preview:-1"},"canonical":"https:\/\/niv.ns.ac.rs\/en\/asf\/","og_locale":"en_US","og_type":"article","og_title":"\u0410\u0424\u0420\u0418\u0427\u041a\u0410 \u041a\u0423\u0413\u0410 \u0421\u0412\u0418\u040a\u0410","og_description":"Najnovije informacije iz sveta i regiona u afri\u010dkoj kugi svinja i mere koje se preduzimaju radi spre\u010davanja uno\u0161enja i pojave ove bolesti u Srbiji.","og_url":"https:\/\/niv.ns.ac.rs\/en\/asf\/","og_site_name":"\u041d\u0410\u0423\u0427\u041d\u0418 \u0418\u041d\u0421\u0422\u0418\u0422\u0423\u0422 \u0417\u0410 \u0412\u0415\u0422\u0415\u0420\u0418\u041d\u0410\u0420\u0421\u0422\u0412\u041e &quot;\u041d\u041e\u0412\u0418 \u0421\u0410\u0414&quot;","article_modified_time":"2021-04-06T12:47:41+00:00","twitter_card":"summary_large_image","twitter_misc":{"Est. reading time":"2 minutes"},"schema":{"@context":"https:\/\/schema.org","@graph":[{"@type":"WebPage","@id":"https:\/\/niv.ns.ac.rs\/en\/asf\/","url":"https:\/\/niv.ns.ac.rs\/en\/asf\/","name":"\u0410\u0424\u0420\u0418\u0427\u041a\u0410 \u041a\u0423\u0413\u0410 \u0421\u0412\u0418\u040a\u0410 &#171; \u041d\u0410\u0423\u0427\u041d\u0418 \u0418\u041d\u0421\u0422\u0418\u0422\u0423\u0422 \u0417\u0410 \u0412\u0415\u0422\u0415\u0420\u0418\u041d\u0410\u0420\u0421\u0422\u0412\u041e &quot;\u041d\u041e\u0412\u0418 \u0421\u0410\u0414&quot;","isPartOf":{"@id":"https:\/\/niv.ns.ac.rs\/en\/#website"},"datePublished":"2018-12-26T19:13:50+00:00","dateModified":"2021-04-06T12:47:41+00:00","description":"Najnovije informacije iz sveta i regiona u afri\u010dkoj kugi svinja i mere koje se preduzimaju radi spre\u010davanja uno\u0161enja i pojave ove bolesti u Srbiji.","breadcrumb":{"@id":"https:\/\/niv.ns.ac.rs\/en\/asf\/#breadcrumb"},"inLanguage":"en-US","potentialAction":[{"@type":"ReadAction","target":["https:\/\/niv.ns.ac.rs\/en\/asf\/"]}]},{"@type":"BreadcrumbList","@id":"https:\/\/niv.ns.ac.rs\/en\/asf\/#breadcrumb","itemListElement":[{"@type":"ListItem","position":1,"name":"\u041f\u043e\u0447\u0435\u0442\u043d\u0430","item":"https:\/\/niv.ns.ac.rs\/en\/"},{"@type":"ListItem","position":2,"name":"\u0410\u0424\u0420\u0418\u0427\u041a\u0410 \u041a\u0423\u0413\u0410 \u0421\u0412\u0418\u040a\u0410"}]},{"@type":"WebSite","@id":"https:\/\/niv.ns.ac.rs\/en\/#website","url":"https:\/\/niv.ns.ac.rs\/en\/","name":"\u041d\u0410\u0423\u0427\u041d\u0418 \u0418\u041d\u0421\u0422\u0418\u0422\u0423\u0422 \u0417\u0410 \u0412\u0415\u0422\u0415\u0420\u0418\u041d\u0410\u0420\u0421\u0422\u0412\u041e &quot;\u041d\u041e\u0412\u0418 \u0421\u0410\u0414&quot;","description":"\u0412\u0435\u0442\u0435\u0440\u0438\u043d\u0430\u0440\u0441\u0442\u0432\u043e, \u043d\u0430\u0443\u043a\u0430","publisher":{"@id":"https:\/\/niv.ns.ac.rs\/en\/#organization"},"potentialAction":[{"@type":"SearchAction","target":{"@type":"EntryPoint","urlTemplate":"https:\/\/niv.ns.ac.rs\/en\/?s={search_term_string}"},"query-input":{"@type":"PropertyValueSpecification","valueRequired":true,"valueName":"search_term_string"}}],"inLanguage":"en-US"},{"@type":"Organization","@id":"https:\/\/niv.ns.ac.rs\/en\/#organization","name":"\u041d\u0430\u0443\u0447\u043d\u0438 \u0438\u043d\u0441\u0442\u0438\u0442\u0443\u0442 \u0437\u0430 \u0432\u0435\u0442\u0435\u0440\u0438\u043d\u0430\u0440\u0441\u0442\u0432\u043e \"\u041d\u043e\u0432\u0438 \u0421\u0430\u0434\"","url":"https:\/\/niv.ns.ac.rs\/en\/","logo":{"@type":"ImageObject","inLanguage":"en-US","@id":"https:\/\/niv.ns.ac.rs\/en\/#\/schema\/logo\/image\/","url":"https:\/\/niv.ns.ac.rs\/wp-content\/uploads\/2017\/08\/pun-kolor-CIR.png","contentUrl":"https:\/\/niv.ns.ac.rs\/wp-content\/uploads\/2017\/08\/pun-kolor-CIR.png","width":363,"height":494,"caption":"\u041d\u0430\u0443\u0447\u043d\u0438 \u0438\u043d\u0441\u0442\u0438\u0442\u0443\u0442 \u0437\u0430 \u0432\u0435\u0442\u0435\u0440\u0438\u043d\u0430\u0440\u0441\u0442\u0432\u043e \"\u041d\u043e\u0432\u0438 \u0421\u0430\u0434\""},"image":{"@id":"https:\/\/niv.ns.ac.rs\/en\/#\/schema\/logo\/image\/"}}]}},"_links":{"self":[{"href":"https:\/\/niv.ns.ac.rs\/en\/wp-json\/wp\/v2\/pages\/3905","targetHints":{"allow":["GET"]}}],"collection":[{"href":"https:\/\/niv.ns.ac.rs\/en\/wp-json\/wp\/v2\/pages"}],"about":[{"href":"https:\/\/niv.ns.ac.rs\/en\/wp-json\/wp\/v2\/types\/page"}],"author":[{"embeddable":true,"href":"https:\/\/niv.ns.ac.rs\/en\/wp-json\/wp\/v2\/users\/2"}],"replies":[{"embeddable":true,"href":"https:\/\/niv.ns.ac.rs\/en\/wp-json\/wp\/v2\/comments?post=3905"}],"version-history":[{"count":1,"href":"https:\/\/niv.ns.ac.rs\/en\/wp-json\/wp\/v2\/pages\/3905\/revisions"}],"predecessor-version":[{"id":6993,"href":"https:\/\/niv.ns.ac.rs\/en\/wp-json\/wp\/v2\/pages\/3905\/revisions\/6993"}],"wp:attachment":[{"href":"https:\/\/niv.ns.ac.rs\/en\/wp-json\/wp\/v2\/media?parent=3905"}],"curies":[{"name":"wp","href":"https:\/\/api.w.org\/{rel}","templated":true}]}}