{"id":3209,"date":"2018-12-21T07:14:29","date_gmt":"2018-12-21T06:14:29","guid":{"rendered":"http:\/\/niv.ns.ac.rs\/?page_id=3209"},"modified":"2025-02-25T14:44:01","modified_gmt":"2025-02-25T12:44:01","slug":"odeljenje-230","status":"publish","type":"page","link":"https:\/\/niv.ns.ac.rs\/en\/odeljenje-230\/","title":{"rendered":"O230"},"content":{"rendered":"<div id='av-layout-grid-1'  class='av-layout-grid-container av-eetu9e-f48d4eac5883b1566c075716de672831 entry-content-wrapper main_color av-border-top-bottom av-fixed-cells  avia-builder-el-0  el_before_av_layout_row  avia-builder-el-first   container_wrap fullsize'  >\n\n<style type=\"text\/css\" data-created_by=\"avia_inline_auto\" id=\"style-css-av-ebw68y-6bb7187731aa9fd309f657341099267c\">\n.flex_cell.av-ebw68y-6bb7187731aa9fd309f657341099267c{\nvertical-align:top;\nbackground-color:#0d45a2;\n}\n.responsive #top #wrap_all .flex_cell.av-ebw68y-6bb7187731aa9fd309f657341099267c{\npadding:9px 0px 0px 0px !important;\n}\n<\/style>\n<div class='flex_cell av-ebw68y-6bb7187731aa9fd309f657341099267c av-gridrow-cell av_one_third no_margin  avia-builder-el-1  el_before_av_cell_one_third  avia-builder-el-first  content-align-top'  ><div class='flex_cell_inner'><\/div><\/div>\n<style type=\"text\/css\" data-created_by=\"avia_inline_auto\" id=\"style-css-av-e1hile-608d14ea6dd2ddfc58c9d1465ac1c146\">\n.flex_cell.av-e1hile-608d14ea6dd2ddfc58c9d1465ac1c146{\nvertical-align:top;\nbackground-color:#0a3276;\n}\n.responsive #top #wrap_all .flex_cell.av-e1hile-608d14ea6dd2ddfc58c9d1465ac1c146{\npadding:9px 0px 0px 0px !important;\n}\n<\/style>\n<div class='flex_cell av-e1hile-608d14ea6dd2ddfc58c9d1465ac1c146 av-gridrow-cell av_one_third no_margin  avia-builder-el-2  el_after_av_cell_one_third  el_before_av_cell_one_third  content-align-top'  ><div class='flex_cell_inner'><\/div><\/div>\n<style type=\"text\/css\" data-created_by=\"avia_inline_auto\" id=\"style-css-av-drj0qa-25c3b87c2a91b7f9b232c7870501c249\">\n.flex_cell.av-drj0qa-25c3b87c2a91b7f9b232c7870501c249{\nvertical-align:top;\nbackground-color:#04122a;\n}\n.responsive #top #wrap_all .flex_cell.av-drj0qa-25c3b87c2a91b7f9b232c7870501c249{\npadding:30px 30px 30px 30px !important;\n}\n<\/style>\n<div class='flex_cell av-drj0qa-25c3b87c2a91b7f9b232c7870501c249 av-gridrow-cell av_one_third no_margin  avia-builder-el-3  el_after_av_cell_one_third  avia-builder-el-last  content-align-top'  ><div class='flex_cell_inner'><\/div><\/div>\n<\/div>\n<div id='av-layout-grid-2'  class='av-layout-grid-container av-i3t7t3-11bf05d80b663a90bce0aeb9f0a38e11 entry-content-wrapper main_color av-flex-cells  avia-builder-el-4  el_after_av_layout_row  el_before_av_section  grid-row-not-first  container_wrap fullsize'  >\n\n<style type=\"text\/css\" data-created_by=\"avia_inline_auto\" id=\"style-css-av-jpxkf1wc-d66aa0f69632b5a875e792d5628b012d\">\n.flex_cell.av-jpxkf1wc-d66aa0f69632b5a875e792d5628b012d{\nvertical-align:middle;\nheight:500px;\nmin-height:500px;\nbackground:url(https:\/\/niv.ns.ac.rs\/wp-content\/uploads\/2018\/12\/My-Post-11.jpg) 0% 0% no-repeat scroll #22689e;\n}\n.responsive #top #wrap_all .flex_cell.av-jpxkf1wc-d66aa0f69632b5a875e792d5628b012d{\npadding:0px 0px 0px 0px !important;\n}\n<\/style>\n<div class='flex_cell av-jpxkf1wc-d66aa0f69632b5a875e792d5628b012d av-gridrow-cell av_one_third no_margin  avia-builder-el-5  el_before_av_cell_two_third  avia-builder-el-first  content-align-middle av-zero-padding avia-full-stretch'  ><div class='flex_cell_inner'><\/div><\/div>\n<style type=\"text\/css\" data-created_by=\"avia_inline_auto\" id=\"style-css-av-gdghmf-79012bbbc8a02221bc445d0fd7d84173\">\n.flex_cell.av-gdghmf-79012bbbc8a02221bc445d0fd7d84173{\nvertical-align:middle;\nheight:500px;\nmin-height:500px;\nbackground-color:#22689e;\n}\n.responsive #top #wrap_all .flex_cell.av-gdghmf-79012bbbc8a02221bc445d0fd7d84173{\npadding:80px 80px 80px 80px !important;\n}\n<\/style>\n<div class='flex_cell av-gdghmf-79012bbbc8a02221bc445d0fd7d84173 av-gridrow-cell av_two_third no_margin  avia-builder-el-6  el_after_av_cell_one_third  avia-builder-el-last  content-align-middle'  ><div class='flex_cell_inner'><p>\n<style type=\"text\/css\" data-created_by=\"avia_inline_auto\" id=\"style-css-av-jqdwt1td-561782f2ab2dac8aaa36f0294ff56e9c\">\n#top .av-special-heading.av-jqdwt1td-561782f2ab2dac8aaa36f0294ff56e9c{\npadding-bottom:25px;\ncolor:#ffffff;\nfont-size:34px;\n}\nbody .av-special-heading.av-jqdwt1td-561782f2ab2dac8aaa36f0294ff56e9c .av-special-heading-tag .heading-char{\nfont-size:25px;\n}\n#top #wrap_all .av-special-heading.av-jqdwt1td-561782f2ab2dac8aaa36f0294ff56e9c .av-special-heading-tag{\nfont-size:34px;\n}\n.av-special-heading.av-jqdwt1td-561782f2ab2dac8aaa36f0294ff56e9c .special-heading-inner-border{\nborder-color:#ffffff;\n}\n.av-special-heading.av-jqdwt1td-561782f2ab2dac8aaa36f0294ff56e9c .av-subheading{\nfont-size:15px;\n}\n\n@media only screen and (min-width: 480px) and (max-width: 767px){ \n#top #wrap_all .av-special-heading.av-jqdwt1td-561782f2ab2dac8aaa36f0294ff56e9c .av-special-heading-tag{\nfont-size:0.8em;\n}\n}\n\n@media only screen and (max-width: 479px){ \n#top #wrap_all .av-special-heading.av-jqdwt1td-561782f2ab2dac8aaa36f0294ff56e9c .av-special-heading-tag{\nfont-size:0.8em;\n}\n}\n<\/style>\n<div  class='av-special-heading av-jqdwt1td-561782f2ab2dac8aaa36f0294ff56e9c av-special-heading-h3 custom-color-heading blockquote modern-quote  avia-builder-el-7  el_before_av_textblock  avia-builder-el-first  av-inherit-size'><h3 class='av-special-heading-tag '  itemprop=\"headline\"  >\u041e\u0414\u0415\u0409\u0415\u040a\u0415 \u0417\u0410 \u041c\u0418\u041a\u0420\u041e\u0411\u0418\u041e\u041b\u041e\u0428\u041a\u041e \u0418\u0421\u041f\u0418\u0422\u0418\u0412\u0410\u040a\u0415 \u0425\u0420\u0410\u041d\u0415 \u0417\u0410 \u0416\u0418\u0412\u041e\u0422\u0418\u040a\u0415-\u041e\u0434\u0435\u0459\u0435\u045a\u0435 230<\/h3><div class=\"special-heading-border\"><div class=\"special-heading-inner-border\"><\/div><\/div><\/div><br \/>\n\n<style type=\"text\/css\" data-created_by=\"avia_inline_auto\" id=\"style-css-av-jpxkinpw-4d780d270ed613ee30497a6cf5902191\">\n#top .av_textblock_section.av-jpxkinpw-4d780d270ed613ee30497a6cf5902191 .avia_textblock{\ncolor:#ffffff;\n}\n<\/style>\n<section  class='av_textblock_section av-jpxkinpw-4d780d270ed613ee30497a6cf5902191 '   itemscope=\"itemscope\" itemtype=\"https:\/\/schema.org\/CreativeWork\" ><div class='avia_textblock av_inherit_color'  itemprop=\"text\" ><p><a href=\"https:\/\/niv.ns.ac.rs\/sr\/team\/dubravka-milanov\/\">\u0428\u0435\u0444 \u041e\u0434\u0435\u0459\u0435\u045a\u0430: \u0434\u0440 \u0441\u0446\u0438. \u0432\u0435\u0442. \u043c\u0435\u0434. \u0411\u043e\u0458\u0430\u043d\u0430 \u041f\u0440\u0443\u043d\u0438\u045b, \u043d\u0430\u0443\u0447\u043d\u0438 \u0441\u0430\u0440\u0430\u0434\u043d\u0438\u043a<\/a><\/p>\n<\/div><\/section><\/p>\n<\/div><\/div>\n<\/div>\n<div id='av_section_1'  class='avia-section av-dxgep3-319c6055b48d14a5a21aa5c4c6322f32 main_color avia-section-huge avia-no-border-styling  avia-builder-el-9  el_after_av_layout_row  el_before_av_section  avia-bg-style-scroll container_wrap fullsize'  ><div class='container av-section-cont-open' ><div class='template-page content  av-content-full alpha units'><div class='post-entry post-entry-type-page post-entry-3209'><div class='entry-content-wrapper clearfix'>\n\n<style type=\"text\/css\" data-created_by=\"avia_inline_auto\" id=\"style-css-av-13415z-f35562d3523618998204edf39aa37bd0\">\n.flex_column.av-13415z-f35562d3523618998204edf39aa37bd0{\nborder-radius:0px 0px 0px 0px;\npadding:0px 0px 0px 0px;\n}\n<\/style>\n<div  class='flex_column av-13415z-f35562d3523618998204edf39aa37bd0 av_one_full  avia-builder-el-10  avia-builder-el-no-sibling  first flex_column_div av-animated-generic bottom-to-top av-zero-column-padding  '     ><p><br \/>\n<section  class='av_textblock_section av-ofp3r-49f3429f9016838c461632511f696764 '   itemscope=\"itemscope\" itemtype=\"https:\/\/schema.org\/CreativeWork\" ><div class='avia_textblock'  itemprop=\"text\" ><p>Hrana za \u017eivotinje se smatra prvom karikom u lancu \u201eod njive do trpeze\u201c.<\/p>\n<p>Za\u0161tita zdravlja \u017eivotinja i hrane za \u017eivotinje klju\u010dni su faktori za o\u010duvanje kako njihovog zdravlja i produktivnosti, tako i zdravlja i sigurnosti ljudske populacije.<\/p>\n<p>Mikrobiolo\u0161ka bezbednost hrane za \u017eivotinje je klju\u010dan aspekt u obezbe\u0111ivanju zdravlja \u017eivotinja, kao i za\u0161titi ljudskog zdravlja i kvaliteta hrane \u017eivotinjskog porekla (kao \u0161to su meso, mleko, jaja i drugi proizvodi). Mikrobiolo\u0161ki neispravna hrana za \u017eivotinje predstavlja izvor patogena za \u017eivotinje i ljude. Zara\u017eene \u017eivotinje mogu preneti patogene mikroorganizme na ljude putem proizvoda \u017eivotinjskog porekla (meso, mleko, jaja) ili direktnim kontaktom \u010dovek-\u017eivotinja.<\/p>\n<p>Mikrobiolo\u0161ka bezbednost sirovina koje se koriste u proizvodnji hrane za \u017eivotinje, kao \u0161to su \u017eitarice (zrnasta hraniva), proizvodi industrije (\u0161e\u0107era, skroba, alkohola, ulja i mlinske industrije, itd.), sa\u010dme, poga\u010de, hraniva animalnog porekla, zamene za mleko, mesni proizvodi, proizvodi prerade riba, mineralna hraniva, vitaminski i mineralni dodaci, gotove sme\u0161e za sve vrste \u017eivotinja, hrana za ku\u0107ne ljubimce, kabasta hraniva, pregled organskog \u0111ubriva, i itd., predstavljaju glavno polje rada ovog odeljenje.<\/p>\n<p>Na Odeljenju za mikrobiolo\u0161ko ispitivanje hrane za \u017eivotinje rade <strong>dr Bojana Pruni\u0107, nau\u010dni saradnik<\/strong>, <strong>dr vet. med. Smiljana Milo\u0161evi\u0107<\/strong>, <strong>istra\u017eiva\u010d pripravnik<\/strong> i <strong>Milica Mogin, tehni\u010dki saradnik<\/strong>.<\/p>\n<p>U cilju dr\u017eanja koraka sa razvijenim zemljama Evrope, laboratorija za mikrobiolo\u0161ko ispitivanje hrane za \u017eivotinje primenjuje stroge smernice i pravilnike za mikrobiolo\u0161ku bezbednost hrane za \u017eivotinje, u skladu sa me\u0111unarodnim standardima i propisima Republike Srbije, a koji su od esencijalne va\u017enosti za za\u0161titu zdravlja ljudi i \u017eivotinja.<\/p>\n<p>Laboratorija u radu koristi akreditovane metode koje su propisane me\u0111unarodnim ISO standardima:<\/p>\n<ul>\n<li>odre\u0111ivanje ukupnog broja mikroorganizama;<\/li>\n<li>odre\u0111ivanje ukupnog broja kvasaca i plesni;<\/li>\n<li>otkrivanje <em>Salmonella <\/em>spp.;<\/li>\n<li>otkrivanje i utvr\u0111ivanje broja <em>Clostidium perfringens<\/em>;<\/li>\n<li>otkrivanje i utvr\u0111ivanje broja <em>Enterobacteriaceae.<\/em><\/li>\n<\/ul>\n<p>Laboratorija pru\u017ea uslugu mikrobiolo\u0161kih metoda koje nisu akreditovane:<\/p>\n<ul>\n<li>mikrobiolo\u0161ka bezbednost organskog \u0111ubriva;<\/li>\n<li>pregled svih vrsta hrane za \u017eivotinje na bakterija koje imaju patogeni potencijal, a prenose se hranom kao \u0161to su: <em>Listeria monocytogenes, Bacillus cereus, Escherichia coli, Staphylococcus, Campylobacter, sulfitoredukuju\u0107e bakterije <\/em>i druge;<\/li>\n<li>mikrobiolo\u0161ki pregled briseva sa povr\u0161ina iz objekata za proizvodnju, skladi\u0161tenje i obradu hrane za \u017eivotinje, pu\u017enih transportera, prevoznih sredstava itd.;<\/li>\n<li>Pra\u0107enje zoonotskih alimentarnih patogena na antimikrobna sredstava kao i razmenu podataka u vezi sa zoonozama i njihovim uzro\u010dnicima u lancu ishrane.<\/li>\n<\/ul>\n<p>Vizija:<\/p>\n<p>Pored ispitivanja mikrobiolo\u0161ke bezbednosti hrane za \u017eivotnje Odeljenje je u procesu uvo\u0111enja i akreditacije molekularnih metoda:<\/p>\n<ul>\n<li>metoda za utvr\u0111ivanje porekla animalnih proteina u sirovinama i proizvodima Kategorije 3 koje se mogu upotrebiti za proizvodnju hrane za ku\u0107ne ljubimce i gotove hrane za ku\u0107ne ljubimce;<\/li>\n<li>metoda za ispitivanje prisustva i kvantifikacije sadr\u017eaja GMO u zrnastim hranivima, hranivima biljnog porekla i gotovoj hrani za \u017eivotinje;<\/li>\n<li>metoda za utvr\u0111ivanje <em>Escherichia coli <\/em>koja proizvodi Shiga toksin (STEC) O157, O111, O26, O103 i O145.<\/li>\n<\/ul>\n<\/div><\/section><\/p><\/div><\/div><\/div><\/div><!-- close content main div --><\/div><\/div><div id='av_section_2'  class='avia-section av-dxgep3-4-af3ae82b25e584de31141f473a04d358 main_color avia-section-huge avia-no-border-styling  avia-builder-el-13  el_after_av_section  avia-builder-el-last  avia-bg-style-scroll container_wrap fullsize'  ><div class='container av-section-cont-open' ><div class='template-page content  av-content-full alpha units'><div class='post-entry post-entry-type-page post-entry-3209'><div class='entry-content-wrapper clearfix'>\n<section  class='av_textblock_section av-jpxmjfjd-076acde20cb2cfc713c81377ce793741 '   itemscope=\"itemscope\" itemtype=\"https:\/\/schema.org\/CreativeWork\" ><div class='avia_textblock'  itemprop=\"text\" ><h1 style=\"text-align: center;\">\u0421\u0430\u0440\u0430\u0434\u043d\u0438\u0446\u0438 \u043d\u0430 \u041e\u0434\u0435\u0459\u0435\u045a\u0443:<\/h1>\n<\/div><\/section>\n\n<style type=\"text\/css\" data-created_by=\"avia_inline_auto\" id=\"style-css-av-13415z-3-22bcc9ccdd7b09d9efd383fdf041e49b\">\n.flex_column.av-13415z-3-22bcc9ccdd7b09d9efd383fdf041e49b{\nborder-radius:0px 0px 0px 0px;\npadding:0px 0px 0px 0px;\n}\n<\/style>\n<div  class='flex_column av-13415z-3-22bcc9ccdd7b09d9efd383fdf041e49b av_one_third  avia-builder-el-15  el_after_av_textblock  el_before_av_one_third  first flex_column_div av-animated-generic bottom-to-top av-zero-column-padding  column-top-margin'     ><\/div>\n<style type=\"text\/css\" data-created_by=\"avia_inline_auto\" id=\"style-css-av-13415z-2-a0e02a9b5b782cd1c48a7f8bd0eb95a3\">\n.flex_column.av-13415z-2-a0e02a9b5b782cd1c48a7f8bd0eb95a3{\nborder-radius:0px 0px 0px 0px;\npadding:0px 0px 0px 0px;\n}\n<\/style>\n<div  class='flex_column av-13415z-2-a0e02a9b5b782cd1c48a7f8bd0eb95a3 av_one_third  avia-builder-el-16  el_after_av_one_third  el_before_av_one_third  flex_column_div av-animated-generic bottom-to-top av-zero-column-padding  column-top-margin'     ><section  class='avia-team-member av-jpxm5za2-0893aee346ba971f7053d3a3c454b4be  avia-builder-el-17  avia-builder-el-no-sibling '  itemscope=\"itemscope\" itemtype=\"https:\/\/schema.org\/Person\" ><div class=\"team-img-container\"><img decoding=\"async\" fetchpriority=\"high\" class='wp-image-3277 avia-img-lazy-loading-not-3277 avia_image avia_image_team' src=\"https:\/\/niv.ns.ac.rs\/wp-content\/uploads\/2018\/12\/untitled-0322.jpg\" alt='\u041c\u0438\u043b\u0438\u0446\u0430 \u041c\u043e\u0433\u0438\u043d'  itemprop=\"image\"   height=\"400\" width=\"400\" srcset=\"https:\/\/niv.ns.ac.rs\/wp-content\/uploads\/2018\/12\/untitled-0322.jpg 400w, https:\/\/niv.ns.ac.rs\/wp-content\/uploads\/2018\/12\/untitled-0322-80x80.jpg 80w, https:\/\/niv.ns.ac.rs\/wp-content\/uploads\/2018\/12\/untitled-0322-300x300.jpg 300w, https:\/\/niv.ns.ac.rs\/wp-content\/uploads\/2018\/12\/untitled-0322-36x36.jpg 36w, https:\/\/niv.ns.ac.rs\/wp-content\/uploads\/2018\/12\/untitled-0322-180x180.jpg 180w, https:\/\/niv.ns.ac.rs\/wp-content\/uploads\/2018\/12\/untitled-0322-120x120.jpg 120w\" sizes=\"(max-width: 400px) 100vw, 400px\" \/><\/div><h3 class='team-member-name '  itemprop=\"name\" >\u041c\u0438\u043b\u0438\u0446\u0430 \u041c\u043e\u0433\u0438\u043d<\/h3><div class='team-member-job-title '  itemprop=\"jobTitle\" >\u0422\u0435\u0445\u043d\u0438\u0447\u043a\u0438 \u0441\u0430\u0440\u0430\u0434\u043d\u0438\u043a<\/div><div class='team-member-description '  itemprop=\"description\" ><p>\u0442\u0435\u043b\u0435\u0444\u043e\u043d: 021\/4895 366<\/p>\n<\/div><span class='hidden team-member-affiliation'  itemprop=\"affiliation\" >\u041d\u0410\u0423\u0427\u041d\u0418 \u0418\u041d\u0421\u0422\u0418\u0422\u0423\u0422 \u0417\u0410 \u0412\u0415\u0422\u0415\u0420\u0418\u041d\u0410\u0420\u0421\u0422\u0412\u041e &quot;\u041d\u041e\u0412\u0418 \u0421\u0410\u0414&quot;<\/span><\/section><\/div>\n<style type=\"text\/css\" data-created_by=\"avia_inline_auto\" id=\"style-css-av-13415z-1-ea24c740d5f5949fbfcf7542d359a6f9\">\n.flex_column.av-13415z-1-ea24c740d5f5949fbfcf7542d359a6f9{\nborder-radius:0px 0px 0px 0px;\npadding:0px 0px 0px 0px;\n}\n<\/style>\n<div  class='flex_column av-13415z-1-ea24c740d5f5949fbfcf7542d359a6f9 av_one_third  avia-builder-el-18  el_after_av_one_third  avia-builder-el-last  flex_column_div av-animated-generic bottom-to-top av-zero-column-padding  column-top-margin'     ><\/div>\n<\/p>\n","protected":false},"excerpt":{"rendered":"","protected":false},"author":2,"featured_media":0,"parent":0,"menu_order":0,"comment_status":"closed","ping_status":"closed","template":"","meta":{"protect_children":false,"footnotes":""},"class_list":["post-3209","page","type-page","status-publish","hentry"],"yoast_head":"<!-- This site is optimized with the Yoast SEO Premium plugin v26.1 (Yoast SEO v26.1.1) - https:\/\/yoast.com\/wordpress\/plugins\/seo\/ -->\n<title>O230 &#171; \u041d\u0410\u0423\u0427\u041d\u0418 \u0418\u041d\u0421\u0422\u0418\u0422\u0423\u0422 \u0417\u0410 \u0412\u0415\u0422\u0415\u0420\u0418\u041d\u0410\u0420\u0421\u0422\u0412\u041e &quot;\u041d\u041e\u0412\u0418 \u0421\u0410\u0414&quot; %<\/title>\n<meta name=\"description\" content=\"Odeljenje za mikrobiolo\u0161ko ispitivanje hrane za \u017eivotinje\" \/>\n<meta name=\"robots\" content=\"index, follow, max-snippet:-1, max-image-preview:large, max-video-preview:-1\" \/>\n<link rel=\"canonical\" href=\"https:\/\/niv.ns.ac.rs\/en\/odeljenje-230\/\" \/>\n<meta property=\"og:locale\" content=\"en_US\" \/>\n<meta property=\"og:type\" content=\"article\" \/>\n<meta property=\"og:title\" content=\"O230\" \/>\n<meta property=\"og:description\" content=\"Odeljenje za mikrobiolo\u0161ko ispitivanje hrane za \u017eivotinje\" \/>\n<meta property=\"og:url\" content=\"https:\/\/niv.ns.ac.rs\/en\/odeljenje-230\/\" \/>\n<meta property=\"og:site_name\" content=\"\u041d\u0410\u0423\u0427\u041d\u0418 \u0418\u041d\u0421\u0422\u0418\u0422\u0423\u0422 \u0417\u0410 \u0412\u0415\u0422\u0415\u0420\u0418\u041d\u0410\u0420\u0421\u0422\u0412\u041e &quot;\u041d\u041e\u0412\u0418 \u0421\u0410\u0414&quot;\" \/>\n<meta property=\"article:modified_time\" content=\"2025-02-25T12:44:01+00:00\" \/>\n<meta name=\"twitter:card\" content=\"summary_large_image\" \/>\n<meta name=\"twitter:label1\" content=\"Est. reading time\" \/>\n\t<meta name=\"twitter:data1\" content=\"3 minutes\" \/>\n<script type=\"application\/ld+json\" class=\"yoast-schema-graph\">{\"@context\":\"https:\/\/schema.org\",\"@graph\":[{\"@type\":\"WebPage\",\"@id\":\"https:\/\/niv.ns.ac.rs\/en\/odeljenje-230\/\",\"url\":\"https:\/\/niv.ns.ac.rs\/en\/odeljenje-230\/\",\"name\":\"O230 &#171; \u041d\u0410\u0423\u0427\u041d\u0418 \u0418\u041d\u0421\u0422\u0418\u0422\u0423\u0422 \u0417\u0410 \u0412\u0415\u0422\u0415\u0420\u0418\u041d\u0410\u0420\u0421\u0422\u0412\u041e &quot;\u041d\u041e\u0412\u0418 \u0421\u0410\u0414&quot; %\",\"isPartOf\":{\"@id\":\"https:\/\/niv.ns.ac.rs\/en\/#website\"},\"datePublished\":\"2018-12-21T06:14:29+00:00\",\"dateModified\":\"2025-02-25T12:44:01+00:00\",\"description\":\"Odeljenje za mikrobiolo\u0161ko ispitivanje hrane za \u017eivotinje\",\"breadcrumb\":{\"@id\":\"https:\/\/niv.ns.ac.rs\/en\/odeljenje-230\/#breadcrumb\"},\"inLanguage\":\"en-US\",\"potentialAction\":[{\"@type\":\"ReadAction\",\"target\":[\"https:\/\/niv.ns.ac.rs\/en\/odeljenje-230\/\"]}]},{\"@type\":\"BreadcrumbList\",\"@id\":\"https:\/\/niv.ns.ac.rs\/en\/odeljenje-230\/#breadcrumb\",\"itemListElement\":[{\"@type\":\"ListItem\",\"position\":1,\"name\":\"\u041f\u043e\u0447\u0435\u0442\u043d\u0430\",\"item\":\"https:\/\/niv.ns.ac.rs\/en\/\"},{\"@type\":\"ListItem\",\"position\":2,\"name\":\"O230\"}]},{\"@type\":\"WebSite\",\"@id\":\"https:\/\/niv.ns.ac.rs\/en\/#website\",\"url\":\"https:\/\/niv.ns.ac.rs\/en\/\",\"name\":\"\u041d\u0410\u0423\u0427\u041d\u0418 \u0418\u041d\u0421\u0422\u0418\u0422\u0423\u0422 \u0417\u0410 \u0412\u0415\u0422\u0415\u0420\u0418\u041d\u0410\u0420\u0421\u0422\u0412\u041e &quot;\u041d\u041e\u0412\u0418 \u0421\u0410\u0414&quot;\",\"description\":\"\u0412\u0435\u0442\u0435\u0440\u0438\u043d\u0430\u0440\u0441\u0442\u0432\u043e, \u043d\u0430\u0443\u043a\u0430\",\"publisher\":{\"@id\":\"https:\/\/niv.ns.ac.rs\/en\/#organization\"},\"potentialAction\":[{\"@type\":\"SearchAction\",\"target\":{\"@type\":\"EntryPoint\",\"urlTemplate\":\"https:\/\/niv.ns.ac.rs\/en\/?s={search_term_string}\"},\"query-input\":{\"@type\":\"PropertyValueSpecification\",\"valueRequired\":true,\"valueName\":\"search_term_string\"}}],\"inLanguage\":\"en-US\"},{\"@type\":\"Organization\",\"@id\":\"https:\/\/niv.ns.ac.rs\/en\/#organization\",\"name\":\"\u041d\u0430\u0443\u0447\u043d\u0438 \u0438\u043d\u0441\u0442\u0438\u0442\u0443\u0442 \u0437\u0430 \u0432\u0435\u0442\u0435\u0440\u0438\u043d\u0430\u0440\u0441\u0442\u0432\u043e \\\"\u041d\u043e\u0432\u0438 \u0421\u0430\u0434\\\"\",\"url\":\"https:\/\/niv.ns.ac.rs\/en\/\",\"logo\":{\"@type\":\"ImageObject\",\"inLanguage\":\"en-US\",\"@id\":\"https:\/\/niv.ns.ac.rs\/en\/#\/schema\/logo\/image\/\",\"url\":\"https:\/\/niv.ns.ac.rs\/wp-content\/uploads\/2017\/08\/pun-kolor-CIR.png\",\"contentUrl\":\"https:\/\/niv.ns.ac.rs\/wp-content\/uploads\/2017\/08\/pun-kolor-CIR.png\",\"width\":363,\"height\":494,\"caption\":\"\u041d\u0430\u0443\u0447\u043d\u0438 \u0438\u043d\u0441\u0442\u0438\u0442\u0443\u0442 \u0437\u0430 \u0432\u0435\u0442\u0435\u0440\u0438\u043d\u0430\u0440\u0441\u0442\u0432\u043e \\\"\u041d\u043e\u0432\u0438 \u0421\u0430\u0434\\\"\"},\"image\":{\"@id\":\"https:\/\/niv.ns.ac.rs\/en\/#\/schema\/logo\/image\/\"}}]}<\/script>\n<!-- \/ Yoast SEO Premium plugin. -->","yoast_head_json":{"title":"O230 &#171; \u041d\u0410\u0423\u0427\u041d\u0418 \u0418\u041d\u0421\u0422\u0418\u0422\u0423\u0422 \u0417\u0410 \u0412\u0415\u0422\u0415\u0420\u0418\u041d\u0410\u0420\u0421\u0422\u0412\u041e &quot;\u041d\u041e\u0412\u0418 \u0421\u0410\u0414&quot; %","description":"Odeljenje za mikrobiolo\u0161ko ispitivanje hrane za \u017eivotinje","robots":{"index":"index","follow":"follow","max-snippet":"max-snippet:-1","max-image-preview":"max-image-preview:large","max-video-preview":"max-video-preview:-1"},"canonical":"https:\/\/niv.ns.ac.rs\/en\/odeljenje-230\/","og_locale":"en_US","og_type":"article","og_title":"O230","og_description":"Odeljenje za mikrobiolo\u0161ko ispitivanje hrane za \u017eivotinje","og_url":"https:\/\/niv.ns.ac.rs\/en\/odeljenje-230\/","og_site_name":"\u041d\u0410\u0423\u0427\u041d\u0418 \u0418\u041d\u0421\u0422\u0418\u0422\u0423\u0422 \u0417\u0410 \u0412\u0415\u0422\u0415\u0420\u0418\u041d\u0410\u0420\u0421\u0422\u0412\u041e &quot;\u041d\u041e\u0412\u0418 \u0421\u0410\u0414&quot;","article_modified_time":"2025-02-25T12:44:01+00:00","twitter_card":"summary_large_image","twitter_misc":{"Est. reading time":"3 minutes"},"schema":{"@context":"https:\/\/schema.org","@graph":[{"@type":"WebPage","@id":"https:\/\/niv.ns.ac.rs\/en\/odeljenje-230\/","url":"https:\/\/niv.ns.ac.rs\/en\/odeljenje-230\/","name":"O230 &#171; \u041d\u0410\u0423\u0427\u041d\u0418 \u0418\u041d\u0421\u0422\u0418\u0422\u0423\u0422 \u0417\u0410 \u0412\u0415\u0422\u0415\u0420\u0418\u041d\u0410\u0420\u0421\u0422\u0412\u041e &quot;\u041d\u041e\u0412\u0418 \u0421\u0410\u0414&quot; %","isPartOf":{"@id":"https:\/\/niv.ns.ac.rs\/en\/#website"},"datePublished":"2018-12-21T06:14:29+00:00","dateModified":"2025-02-25T12:44:01+00:00","description":"Odeljenje za mikrobiolo\u0161ko ispitivanje hrane za \u017eivotinje","breadcrumb":{"@id":"https:\/\/niv.ns.ac.rs\/en\/odeljenje-230\/#breadcrumb"},"inLanguage":"en-US","potentialAction":[{"@type":"ReadAction","target":["https:\/\/niv.ns.ac.rs\/en\/odeljenje-230\/"]}]},{"@type":"BreadcrumbList","@id":"https:\/\/niv.ns.ac.rs\/en\/odeljenje-230\/#breadcrumb","itemListElement":[{"@type":"ListItem","position":1,"name":"\u041f\u043e\u0447\u0435\u0442\u043d\u0430","item":"https:\/\/niv.ns.ac.rs\/en\/"},{"@type":"ListItem","position":2,"name":"O230"}]},{"@type":"WebSite","@id":"https:\/\/niv.ns.ac.rs\/en\/#website","url":"https:\/\/niv.ns.ac.rs\/en\/","name":"\u041d\u0410\u0423\u0427\u041d\u0418 \u0418\u041d\u0421\u0422\u0418\u0422\u0423\u0422 \u0417\u0410 \u0412\u0415\u0422\u0415\u0420\u0418\u041d\u0410\u0420\u0421\u0422\u0412\u041e &quot;\u041d\u041e\u0412\u0418 \u0421\u0410\u0414&quot;","description":"\u0412\u0435\u0442\u0435\u0440\u0438\u043d\u0430\u0440\u0441\u0442\u0432\u043e, \u043d\u0430\u0443\u043a\u0430","publisher":{"@id":"https:\/\/niv.ns.ac.rs\/en\/#organization"},"potentialAction":[{"@type":"SearchAction","target":{"@type":"EntryPoint","urlTemplate":"https:\/\/niv.ns.ac.rs\/en\/?s={search_term_string}"},"query-input":{"@type":"PropertyValueSpecification","valueRequired":true,"valueName":"search_term_string"}}],"inLanguage":"en-US"},{"@type":"Organization","@id":"https:\/\/niv.ns.ac.rs\/en\/#organization","name":"\u041d\u0430\u0443\u0447\u043d\u0438 \u0438\u043d\u0441\u0442\u0438\u0442\u0443\u0442 \u0437\u0430 \u0432\u0435\u0442\u0435\u0440\u0438\u043d\u0430\u0440\u0441\u0442\u0432\u043e \"\u041d\u043e\u0432\u0438 \u0421\u0430\u0434\"","url":"https:\/\/niv.ns.ac.rs\/en\/","logo":{"@type":"ImageObject","inLanguage":"en-US","@id":"https:\/\/niv.ns.ac.rs\/en\/#\/schema\/logo\/image\/","url":"https:\/\/niv.ns.ac.rs\/wp-content\/uploads\/2017\/08\/pun-kolor-CIR.png","contentUrl":"https:\/\/niv.ns.ac.rs\/wp-content\/uploads\/2017\/08\/pun-kolor-CIR.png","width":363,"height":494,"caption":"\u041d\u0430\u0443\u0447\u043d\u0438 \u0438\u043d\u0441\u0442\u0438\u0442\u0443\u0442 \u0437\u0430 \u0432\u0435\u0442\u0435\u0440\u0438\u043d\u0430\u0440\u0441\u0442\u0432\u043e \"\u041d\u043e\u0432\u0438 \u0421\u0430\u0434\""},"image":{"@id":"https:\/\/niv.ns.ac.rs\/en\/#\/schema\/logo\/image\/"}}]}},"_links":{"self":[{"href":"https:\/\/niv.ns.ac.rs\/en\/wp-json\/wp\/v2\/pages\/3209","targetHints":{"allow":["GET"]}}],"collection":[{"href":"https:\/\/niv.ns.ac.rs\/en\/wp-json\/wp\/v2\/pages"}],"about":[{"href":"https:\/\/niv.ns.ac.rs\/en\/wp-json\/wp\/v2\/types\/page"}],"author":[{"embeddable":true,"href":"https:\/\/niv.ns.ac.rs\/en\/wp-json\/wp\/v2\/users\/2"}],"replies":[{"embeddable":true,"href":"https:\/\/niv.ns.ac.rs\/en\/wp-json\/wp\/v2\/comments?post=3209"}],"version-history":[{"count":15,"href":"https:\/\/niv.ns.ac.rs\/en\/wp-json\/wp\/v2\/pages\/3209\/revisions"}],"predecessor-version":[{"id":12164,"href":"https:\/\/niv.ns.ac.rs\/en\/wp-json\/wp\/v2\/pages\/3209\/revisions\/12164"}],"wp:attachment":[{"href":"https:\/\/niv.ns.ac.rs\/en\/wp-json\/wp\/v2\/media?parent=3209"}],"curies":[{"name":"wp","href":"https:\/\/api.w.org\/{rel}","templated":true}]}}