{"id":12150,"date":"2025-02-22T19:13:47","date_gmt":"2025-02-22T17:13:47","guid":{"rendered":"https:\/\/niv.ns.ac.rs\/?page_id=12150"},"modified":"2025-02-22T19:16:10","modified_gmt":"2025-02-22T17:16:10","slug":"jelena-konstantinov","status":"publish","type":"page","link":"https:\/\/niv.ns.ac.rs\/en\/team\/jelena-konstantinov\/","title":{"rendered":"Jelena_Konstantinov"},"content":{"rendered":"\n<style type=\"text\/css\" data-created_by=\"avia_inline_auto\" id=\"style-css-av-vbngwq-6a6bcdaea04ba6b2816c527f7400a46c\">\n.avia-section.av-vbngwq-6a6bcdaea04ba6b2816c527f7400a46c{\nbackground-color:#8bb8e8;\nbackground-image:unset;\n}\n<\/style>\n<div id='av_section_1'  class='avia-section av-vbngwq-6a6bcdaea04ba6b2816c527f7400a46c main_color avia-section-small avia-no-shadow  avia-builder-el-0  el_before_av_layout_row  avia-builder-el-first  avia-bg-style-scroll container_wrap fullsize'  ><div class='container av-section-cont-open' ><main  role=\"main\" itemprop=\"mainContentOfPage\"  class='template-page content  av-content-full alpha units'><div class='post-entry post-entry-type-page post-entry-12150'><div class='entry-content-wrapper clearfix'>\n<\/div><\/div><\/main><!-- close content main element --><\/div><\/div><div id='av-layout-grid-1'  class='av-layout-grid-container av-tamva2-e0161688ff224f16c00f0251200c0b47 entry-content-wrapper main_color av-border-top-bottom av-flex-cells  avia-builder-el-1  el_after_av_section  el_before_av_section  grid-row-not-first  container_wrap fullsize'  >\n\n<style type=\"text\/css\" data-created_by=\"avia_inline_auto\" id=\"style-css-av-rxpoi2-dbb119179936728998b66f1398cb7cd4\">\n.flex_cell.av-rxpoi2-dbb119179936728998b66f1398cb7cd4{\nvertical-align:middle;\nbackground-color:#b0cbe8;\n}\n.responsive #top #wrap_all .flex_cell.av-rxpoi2-dbb119179936728998b66f1398cb7cd4{\npadding:30px 30px 30px 30px !important;\n}\n<\/style>\n<div class='flex_cell av-rxpoi2-dbb119179936728998b66f1398cb7cd4 av-gridrow-cell av_two_third no_margin  avia-builder-el-2  el_before_av_cell_one_third  avia-builder-el-first  content-align-middle'  ><div class='flex_cell_inner'>\n<style type=\"text\/css\" data-created_by=\"avia_inline_auto\" id=\"style-css-av-qb4mkq-5b87fc2f099a87b290a7a8e2a910de38\">\n#top .av_textblock_section.av-qb4mkq-5b87fc2f099a87b290a7a8e2a910de38 .avia_textblock{\nfont-size:28px;\ncolor:#264f89;\n}\n<\/style>\n<section  class='av_textblock_section av-qb4mkq-5b87fc2f099a87b290a7a8e2a910de38 '   itemscope=\"itemscope\" itemtype=\"https:\/\/schema.org\/CreativeWork\" ><div class='avia_textblock av_inherit_color'  itemprop=\"text\" ><h3 style=\"text-align: left;\"><\/h3>\n<p style=\"text-align: right;\"><strong>Jelena Konstantinov DVM,<\/strong><\/p>\n<p style=\"text-align: right;\">\u0408unior research assistant<\/p>\n<p style=\"text-align: right;\">Department of Virology<\/p>\n<p style=\"text-align: right;\">E-mail: jelena.k@niv.ns.ac.rs<\/p>\n<p style=\"text-align: right;\">\u00a0Phone: +381 21 4895 322<\/p>\n<\/div><\/section>\n<\/div><\/div>\n<style type=\"text\/css\" data-created_by=\"avia_inline_auto\" id=\"style-css-av-nflch6-69a1b8e5c6c4291fa3d751364172e0f3\">\n.flex_cell.av-nflch6-69a1b8e5c6c4291fa3d751364172e0f3{\nvertical-align:top;\nbackground-color:#3577e0;\n}\n.responsive #top #wrap_all .flex_cell.av-nflch6-69a1b8e5c6c4291fa3d751364172e0f3{\npadding:30px 30px 30px 30px !important;\n}\n<\/style>\n<div class='flex_cell av-nflch6-69a1b8e5c6c4291fa3d751364172e0f3 av-gridrow-cell av_one_third no_margin  avia-builder-el-4  el_after_av_cell_two_third  avia-builder-el-last  content-align-top'  ><div class='flex_cell_inner'>\n<style type=\"text\/css\" data-created_by=\"avia_inline_auto\" id=\"style-css-av-m4vgmy-92596a5d7ed740cb2cd4105e87b32e90\">\n.avia-image-container.av-m4vgmy-92596a5d7ed740cb2cd4105e87b32e90 img.avia_image{\nbox-shadow:none;\n}\n.avia-image-container.av-m4vgmy-92596a5d7ed740cb2cd4105e87b32e90 .av-image-caption-overlay-center{\ncolor:#ffffff;\n}\n<\/style>\n<div  class='avia-image-container av-m4vgmy-92596a5d7ed740cb2cd4105e87b32e90 av-styling-circle av-hover-grow avia-align-center  avia-builder-el-5  avia-builder-el-no-sibling '   itemprop=\"image\" itemscope=\"itemscope\" itemtype=\"https:\/\/schema.org\/ImageObject\" ><div class=\"avia-image-container-inner\"><div class=\"avia-image-overlay-wrap\"><img decoding=\"async\" fetchpriority=\"high\" class='wp-image-11399 avia-img-lazy-loading-not-11399 avia_image ' src=\"https:\/\/niv.ns.ac.rs\/wp-content\/uploads\/2024\/09\/Jelena_Konstantinov-300x300.jpg\" alt='' title='Jelena_Konstantinov'  height=\"300\" width=\"300\"  itemprop=\"thumbnailUrl\" srcset=\"https:\/\/niv.ns.ac.rs\/wp-content\/uploads\/2024\/09\/Jelena_Konstantinov-300x300.jpg 300w, https:\/\/niv.ns.ac.rs\/wp-content\/uploads\/2024\/09\/Jelena_Konstantinov-1030x1030.jpg 1030w, https:\/\/niv.ns.ac.rs\/wp-content\/uploads\/2024\/09\/Jelena_Konstantinov-80x80.jpg 80w, https:\/\/niv.ns.ac.rs\/wp-content\/uploads\/2024\/09\/Jelena_Konstantinov-768x768.jpg 768w, https:\/\/niv.ns.ac.rs\/wp-content\/uploads\/2024\/09\/Jelena_Konstantinov-1536x1536.jpg 1536w, https:\/\/niv.ns.ac.rs\/wp-content\/uploads\/2024\/09\/Jelena_Konstantinov-2048x2048.jpg 2048w, https:\/\/niv.ns.ac.rs\/wp-content\/uploads\/2024\/09\/Jelena_Konstantinov-36x36.jpg 36w, https:\/\/niv.ns.ac.rs\/wp-content\/uploads\/2024\/09\/Jelena_Konstantinov-180x180.jpg 180w, https:\/\/niv.ns.ac.rs\/wp-content\/uploads\/2024\/09\/Jelena_Konstantinov-1500x1500.jpg 1500w, https:\/\/niv.ns.ac.rs\/wp-content\/uploads\/2024\/09\/Jelena_Konstantinov-705x705.jpg 705w\" sizes=\"(max-width: 300px) 100vw, 300px\" \/><\/div><\/div><\/div>\n<\/div><\/div><\/div>\n<style type=\"text\/css\" data-created_by=\"avia_inline_auto\" id=\"style-css-av-b2vtvu-a7f20f8da63806f1f552cb7b13f62f38\">\n.avia-section.av-b2vtvu-a7f20f8da63806f1f552cb7b13f62f38{\nbackground-color:#8bb8e8;\nbackground-image:unset;\n}\n<\/style>\n<div id='av_section_2'  class='avia-section av-b2vtvu-a7f20f8da63806f1f552cb7b13f62f38 main_color avia-section-default avia-no-shadow  avia-builder-el-6  el_after_av_layout_row  el_before_av_one_full  avia-bg-style-scroll container_wrap fullsize'  ><div class='container av-section-cont-open' ><div class='template-page content  av-content-full alpha units'><div class='post-entry post-entry-type-page post-entry-12150'><div class='entry-content-wrapper clearfix'><\/div><\/div><\/div><!-- close content main div --><\/div><\/div><div id='after_section_2'  class='main_color av_default_container_wrap container_wrap fullsize'  ><div class='container av-section-cont-open' ><div class='template-page content  av-content-full alpha units'><div class='post-entry post-entry-type-page post-entry-12150'><div class='entry-content-wrapper clearfix'><\/p>\n\n<style type=\"text\/css\" data-created_by=\"avia_inline_auto\" id=\"style-css-av-91pfx6-5c49c692d4ccb51a64fbaa675c53bc85\">\n.flex_column.av-91pfx6-5c49c692d4ccb51a64fbaa675c53bc85{\nborder-width:1px;\nborder-color:#3a79ad;\nborder-style:solid;\nborder-radius:0px 0px 0px 0px;\npadding:0px 0px 0px 0px;\n}\n<\/style>\n<div  class='flex_column av-91pfx6-5c49c692d4ccb51a64fbaa675c53bc85 av_one_full  avia-builder-el-7  el_after_av_section  el_before_av_social_share  avia-builder-el-first  first flex_column_div av-zero-column-padding  '     ><div  class='tabcontainer av-m7gglg3y-7f718e3ba3b6614c4867aa17716e4184 top_tab  avia-builder-el-8  avia-builder-el-no-sibling '>\n<section class='av_tab_section av_tab_section av-m7ggk67s-fdecae8196e78589b4fd9da46c53ada1'  itemscope=\"itemscope\" itemtype=\"https:\/\/schema.org\/CreativeWork\" ><div id='tab-id-1-tab' class='tab active_tab' role='tab' aria-selected=\"true\" tabindex=\"0\" data-fake-id='#tab-id-1' aria-controls='tab-id-1-content'  itemprop=\"headline\" ><span class='tab_icon avia-iconfont avia-font-entypo-fontello' data-av_icon='\ue80a' data-av_iconfont='entypo-fontello' ><\/span>Curriculum Vitae<\/div><div id='tab-id-1-content' class='tab_content active_tab_content' role='tabpanel' aria-labelledby='tab-id-1-tab' aria-hidden=\"false\"><div class='tab_inner_content invers-color'  itemprop=\"text\" ><p><span style=\"text-decoration: underline;\"><strong>Jelena Konstantinov DVM, Junior research assistant<\/strong><\/span><\/p>\n<p><strong>Year and place of birth:<\/strong> 1999, Kikinda, Serbia<\/p>\n<p><strong>Scientific Area:<\/strong> Biotechnical sciences, veterinary medicine, preclinical veterinary medicine, microbiology, and immunology<\/p>\n<p><strong>Phone:<\/strong> +381 69 436 35 71<\/p>\n<p><strong>\u0435-mail:<\/strong> jelena.k@niv.ns.ac.rs<\/p>\n<p><strong>ORCID ID:<\/strong> <a href=\"https:\/\/orcid.org\/0009-0009-7905-6288\">0009-0009-7905-6288<\/a><\/p>\n<p><strong>ResearchGate:<\/strong> <a href=\"https:\/\/www.researchgate.net\/profile\/Jelena-Konstantinov\">Jelena-Konstantinov<\/a><\/p>\n<p><strong>APVNT no.:<\/strong> 7332<\/p>\n<p><strong>Researcher Identification Number:<\/strong> SF058<\/p>\n<p><span style=\"text-decoration: underline;\"><strong>Education:<\/strong><\/span><\/p>\n<p>Integrated Undergraduate and Master Academic Studies: October 2017 \u2013 July 2023<\/p>\n<p>Faculty of Veterinary Medicine, University of Belgrade<\/p>\n<p>Average grade: 9.67<\/p>\n<p>Academic degree: Doctor of Veterinary Medicine (DVM)<\/p>\n<p>Doctoral academic studies: October 2023 \u2013 present<\/p>\n<p>Faculty of Veterinary Medicine, University of Belgrade<\/p>\n<p><span style=\"text-decoration: underline;\"><strong>Scientific Titles:<\/strong><\/span><\/p>\n<ul>\n<li>March 2024, Junior research assistant<\/li>\n<\/ul>\n<p><span style=\"text-decoration: underline;\"><strong>Primary Research Interests:<\/strong><\/span><\/p>\n<ul>\n<li>Veterinary virology, environmental virology, molecular virology, infectious diseases, bacterial protein expression, proteomics<\/li>\n<\/ul>\n<p><span style=\"text-decoration: underline;\"><strong>Main Daily and Research Activities:<\/strong><\/span><\/p>\n<ul>\n<li>Bacterial protein expression, proteomics<\/li>\n<li>Detection of specific antibodies using serological methods<\/li>\n<li>Detection of animal viral diseases using molecular diagnostic tests (PCR, RT-PCR, real-time PCR)<\/li>\n<li>Reading and interpretation of results from virological-immunological reactions<\/li>\n<\/ul>\n<p><span style=\"text-decoration: underline;\"><strong>Projects:<\/strong><\/span><\/p>\n<p>SAIGE Program &#8211; SEED RESEARCH GRANT Project \u2013 Recombinant Protein Production for Novel Diagnostic and Immunoprophylactic Approaches (ProteoFab) \u2013 Project leader<\/p>\n<p><strong>Trainings, seminars and courses:<\/strong> \/<\/p>\n<p><span style=\"text-decoration: underline;\"><strong>Other capabilities:<\/strong><\/span><\/p>\n<ul>\n<li>English, proficient<\/li>\n<li>German \u2013 basic<\/li>\n<li>Good computer skills (M. Office)<\/li>\n<li>Driving license B category<\/li>\n<li>Good teamwork<\/li>\n<\/ul>\n<p><span style=\"text-decoration: underline;\"><strong>Current position:<\/strong><\/span><\/p>\n<p>Junior research assistant, at Scientific Veterinary Institute \u2019Novi Sad\u2019, Department of Virology<\/p>\n<ul>\n<li>Engaged in scientific research under the Seventh Public Call of the Ministry of Science, Technological Development, and Innovation for talented young researchers \u2013 doctoral academic students to participate in scientific research at accredited scientific research organizations.<\/li>\n<\/ul>\n<p><span style=\"text-decoration: underline;\"><strong>Contact:<\/strong><\/span><\/p>\n<p>DVM Jelena Konstantinov, Junior research assistant<\/p>\n<p>Scientific Veterinary Institute \u2018Novi Sad\u2018<\/p>\n<p>Department of Virology<\/p>\n<p>Rumena\u010dki put no. 20,<\/p>\n<p>21000 Novi Sad<\/p>\n<p>E-mail: jelena.k@niv.ns.ac.rs<\/p>\n<\/div><\/div><\/section>\n<section class='av_tab_section av_tab_section av-m7ggld44-3c168c53605b846f793f72f64a2d6422'  itemscope=\"itemscope\" itemtype=\"https:\/\/schema.org\/CreativeWork\" ><div id='tab-id-2-tab' class='tab' role='tab' aria-selected=\"false\" tabindex=\"0\" data-fake-id='#tab-id-2' aria-controls='tab-id-2-content'  itemprop=\"headline\" ><span class='tab_icon avia-iconfont avia-font-entypo-fontello' data-av_icon='\ue84f' data-av_iconfont='entypo-fontello' ><\/span>References<\/div><div id='tab-id-2-content' class='tab_content' role='tabpanel' aria-labelledby='tab-id-2-tab' aria-hidden=\"true\"><div class='tab_inner_content invers-color'  itemprop=\"text\" ><p><strong>Chosen references:<\/strong><\/p>\n<ol>\n<li>Petrovi\u0107 Tama\u0161, Vidanovi\u0107 Dejan, Petri\u0107 Du\u0161an, Lazi\u0107 Gospava, Samojlovi\u0107 Milena, Lupulovi\u0107 Diana, Kavran Mihaela, Gajdov Vladimir, <strong>Konstantinov Jelena<\/strong>, Savi\u0107 Sara, Potkonjak Aleksandar, Ignjatovi\u0107 \u0106upina Aleksandra, Bjeli\u0107 \u010cabrilo Olivera, Paunovi\u0107 Milan, \u0160ekler Milanko: Some of the zoonotic viruses that have circulated in Serbia in the last 20 years. Book of Abstracts, Power of Viruses 2024, Zadar, Croatia, 25-28 September 2024., Zadar, Croatia, Croatian Microbiological Society, 2024, str.33, ISBN 978-953-7778-20-0 (eng), M32 1,5<\/li>\n<\/ol>\n<\/div><\/div><\/section>\n<\/div><\/div>\n<div  class='av-social-sharing-box av-ax4yi-ce8ba145d07617afb0f661e091f1342c av-social-sharing-box-default  avia-builder-el-9  el_after_av_one_full  avia-builder-el-last  av-social-sharing-box-fullwidth'><div class=\"av-share-box\"><h5 class='av-share-link-description av-no-toc '>\u041f\u043e\u0434\u0435\u043b\u0438\u0442\u0435 \u043e\u0432\u0443 \u0441\u0442\u0440\u0430\u043d\u0438\u0446\u0443<\/h5><ul class=\"av-share-box-list noLightbox\"><li class='av-share-link av-social-link-facebook avia_social_iconfont' ><a target=\"_blank\" aria-label=\"Share on Facebook\" href='https:\/\/www.facebook.com\/sharer.php?u=https:\/\/niv.ns.ac.rs\/en\/team\/jelena-konstantinov\/&#038;t=Jelena_Konstantinov' data-av_icon='\ue8f3' data-av_iconfont='entypo-fontello'  title='' data-avia-related-tooltip='Share on Facebook'><span class='avia_hidden_link_text'>Share on Facebook<\/span><\/a><\/li><li class='av-share-link av-social-link-twitter avia_social_iconfont' ><a target=\"_blank\" aria-label=\"Share on X\" href='https:\/\/twitter.com\/share?text=Jelena_Konstantinov&#038;url=https:\/\/niv.ns.ac.rs\/en\/?p=12150' data-av_icon='\ue932' data-av_iconfont='entypo-fontello'  title='' data-avia-related-tooltip='Share on X'><span class='avia_hidden_link_text'>Share on X<\/span><\/a><\/li><li class='av-share-link av-social-link-whatsapp avia_social_iconfont' ><a target=\"_blank\" aria-label=\"Share on WhatsApp\" href='https:\/\/api.whatsapp.com\/send?text=https:\/\/niv.ns.ac.rs\/en\/team\/jelena-konstantinov\/' data-av_icon='\uf232' data-av_iconfont='entypo-fontello'  title='' data-avia-related-tooltip='Share on WhatsApp'><span class='avia_hidden_link_text'>Share on WhatsApp<\/span><\/a><\/li><li class='av-share-link av-social-link-pinterest avia_social_iconfont' ><a target=\"_blank\" aria-label=\"Share on Pinterest\" href='https:\/\/pinterest.com\/pin\/create\/button\/?url=https%3A%2F%2Fniv.ns.ac.rs%2Fen%2Fteam%2Fjelena-konstantinov%2F&#038;description=Jelena_Konstantinov&#038;media=' data-av_icon='\ue8f8' data-av_iconfont='entypo-fontello'  title='' data-avia-related-tooltip='Share on Pinterest'><span class='avia_hidden_link_text'>Share on Pinterest<\/span><\/a><\/li><li class='av-share-link av-social-link-linkedin avia_social_iconfont' ><a target=\"_blank\" aria-label=\"Share on LinkedIn\" href='https:\/\/linkedin.com\/shareArticle?mini=true&#038;title=Jelena_Konstantinov&#038;url=https:\/\/niv.ns.ac.rs\/en\/team\/jelena-konstantinov\/' data-av_icon='\ue8fc' data-av_iconfont='entypo-fontello'  title='' data-avia-related-tooltip='Share on LinkedIn'><span class='avia_hidden_link_text'>Share on LinkedIn<\/span><\/a><\/li><li class='av-share-link av-social-link-mail avia_social_iconfont' ><a  aria-label=\"Share by Mail\" href='mailto:?subject=Jelena_Konstantinov&#038;body=https:\/\/niv.ns.ac.rs\/en\/team\/jelena-konstantinov\/' data-av_icon='\ue805' data-av_iconfont='entypo-fontello'  title='' data-avia-related-tooltip='Share by Mail'><span class='avia_hidden_link_text'>Share by Mail<\/span><\/a><\/li><\/ul><\/div><\/div>\n","protected":false},"excerpt":{"rendered":"","protected":false},"author":5,"featured_media":0,"parent":7375,"menu_order":0,"comment_status":"closed","ping_status":"closed","template":"","meta":{"protect_children":false,"footnotes":""},"class_list":["post-12150","page","type-page","status-publish","hentry"],"yoast_head":"<!-- This site is optimized with the Yoast SEO Premium plugin v26.1 (Yoast SEO v26.1.1) - https:\/\/yoast.com\/wordpress\/plugins\/seo\/ -->\n<title>Jelena_Konstantinov &#171; \u041d\u0410\u0423\u0427\u041d\u0418 \u0418\u041d\u0421\u0422\u0418\u0422\u0423\u0422 \u0417\u0410 \u0412\u0415\u0422\u0415\u0420\u0418\u041d\u0410\u0420\u0421\u0422\u0412\u041e &quot;\u041d\u041e\u0412\u0418 \u0421\u0410\u0414&quot;<\/title>\n<meta name=\"robots\" content=\"index, follow, max-snippet:-1, max-image-preview:large, max-video-preview:-1\" \/>\n<link rel=\"canonical\" href=\"https:\/\/niv.ns.ac.rs\/en\/team\/jelena-konstantinov\/\" \/>\n<meta property=\"og:locale\" content=\"en_US\" \/>\n<meta property=\"og:type\" content=\"article\" \/>\n<meta property=\"og:title\" content=\"Jelena_Konstantinov\" \/>\n<meta property=\"og:url\" content=\"https:\/\/niv.ns.ac.rs\/en\/team\/jelena-konstantinov\/\" \/>\n<meta property=\"og:site_name\" content=\"\u041d\u0410\u0423\u0427\u041d\u0418 \u0418\u041d\u0421\u0422\u0418\u0422\u0423\u0422 \u0417\u0410 \u0412\u0415\u0422\u0415\u0420\u0418\u041d\u0410\u0420\u0421\u0422\u0412\u041e &quot;\u041d\u041e\u0412\u0418 \u0421\u0410\u0414&quot;\" \/>\n<meta property=\"article:modified_time\" content=\"2025-02-22T17:16:10+00:00\" \/>\n<meta name=\"twitter:card\" content=\"summary_large_image\" \/>\n<meta name=\"twitter:label1\" content=\"Est. reading time\" \/>\n\t<meta name=\"twitter:data1\" content=\"2 minutes\" \/>\n<script type=\"application\/ld+json\" class=\"yoast-schema-graph\">{\"@context\":\"https:\/\/schema.org\",\"@graph\":[{\"@type\":\"WebPage\",\"@id\":\"https:\/\/niv.ns.ac.rs\/en\/team\/jelena-konstantinov\/\",\"url\":\"https:\/\/niv.ns.ac.rs\/en\/team\/jelena-konstantinov\/\",\"name\":\"Jelena_Konstantinov &#171; \u041d\u0410\u0423\u0427\u041d\u0418 \u0418\u041d\u0421\u0422\u0418\u0422\u0423\u0422 \u0417\u0410 \u0412\u0415\u0422\u0415\u0420\u0418\u041d\u0410\u0420\u0421\u0422\u0412\u041e &quot;\u041d\u041e\u0412\u0418 \u0421\u0410\u0414&quot;\",\"isPartOf\":{\"@id\":\"https:\/\/niv.ns.ac.rs\/en\/#website\"},\"datePublished\":\"2025-02-22T17:13:47+00:00\",\"dateModified\":\"2025-02-22T17:16:10+00:00\",\"breadcrumb\":{\"@id\":\"https:\/\/niv.ns.ac.rs\/en\/team\/jelena-konstantinov\/#breadcrumb\"},\"inLanguage\":\"en-US\",\"potentialAction\":[{\"@type\":\"ReadAction\",\"target\":[\"https:\/\/niv.ns.ac.rs\/en\/team\/jelena-konstantinov\/\"]}]},{\"@type\":\"BreadcrumbList\",\"@id\":\"https:\/\/niv.ns.ac.rs\/en\/team\/jelena-konstantinov\/#breadcrumb\",\"itemListElement\":[{\"@type\":\"ListItem\",\"position\":1,\"name\":\"\u041f\u043e\u0447\u0435\u0442\u043d\u0430\",\"item\":\"https:\/\/niv.ns.ac.rs\/en\/\"},{\"@type\":\"ListItem\",\"position\":2,\"name\":\"team\",\"item\":\"https:\/\/niv.ns.ac.rs\/en\/team\/\"},{\"@type\":\"ListItem\",\"position\":3,\"name\":\"Jelena_Konstantinov\"}]},{\"@type\":\"WebSite\",\"@id\":\"https:\/\/niv.ns.ac.rs\/en\/#website\",\"url\":\"https:\/\/niv.ns.ac.rs\/en\/\",\"name\":\"\u041d\u0410\u0423\u0427\u041d\u0418 \u0418\u041d\u0421\u0422\u0418\u0422\u0423\u0422 \u0417\u0410 \u0412\u0415\u0422\u0415\u0420\u0418\u041d\u0410\u0420\u0421\u0422\u0412\u041e &quot;\u041d\u041e\u0412\u0418 \u0421\u0410\u0414&quot;\",\"description\":\"\u0412\u0435\u0442\u0435\u0440\u0438\u043d\u0430\u0440\u0441\u0442\u0432\u043e, \u043d\u0430\u0443\u043a\u0430\",\"publisher\":{\"@id\":\"https:\/\/niv.ns.ac.rs\/en\/#organization\"},\"potentialAction\":[{\"@type\":\"SearchAction\",\"target\":{\"@type\":\"EntryPoint\",\"urlTemplate\":\"https:\/\/niv.ns.ac.rs\/en\/?s={search_term_string}\"},\"query-input\":{\"@type\":\"PropertyValueSpecification\",\"valueRequired\":true,\"valueName\":\"search_term_string\"}}],\"inLanguage\":\"en-US\"},{\"@type\":\"Organization\",\"@id\":\"https:\/\/niv.ns.ac.rs\/en\/#organization\",\"name\":\"\u041d\u0430\u0443\u0447\u043d\u0438 \u0438\u043d\u0441\u0442\u0438\u0442\u0443\u0442 \u0437\u0430 \u0432\u0435\u0442\u0435\u0440\u0438\u043d\u0430\u0440\u0441\u0442\u0432\u043e \\\"\u041d\u043e\u0432\u0438 \u0421\u0430\u0434\\\"\",\"url\":\"https:\/\/niv.ns.ac.rs\/en\/\",\"logo\":{\"@type\":\"ImageObject\",\"inLanguage\":\"en-US\",\"@id\":\"https:\/\/niv.ns.ac.rs\/en\/#\/schema\/logo\/image\/\",\"url\":\"https:\/\/niv.ns.ac.rs\/wp-content\/uploads\/2017\/08\/pun-kolor-CIR.png\",\"contentUrl\":\"https:\/\/niv.ns.ac.rs\/wp-content\/uploads\/2017\/08\/pun-kolor-CIR.png\",\"width\":363,\"height\":494,\"caption\":\"\u041d\u0430\u0443\u0447\u043d\u0438 \u0438\u043d\u0441\u0442\u0438\u0442\u0443\u0442 \u0437\u0430 \u0432\u0435\u0442\u0435\u0440\u0438\u043d\u0430\u0440\u0441\u0442\u0432\u043e \\\"\u041d\u043e\u0432\u0438 \u0421\u0430\u0434\\\"\"},\"image\":{\"@id\":\"https:\/\/niv.ns.ac.rs\/en\/#\/schema\/logo\/image\/\"}}]}<\/script>\n<!-- \/ Yoast SEO Premium plugin. -->","yoast_head_json":{"title":"Jelena_Konstantinov &#171; \u041d\u0410\u0423\u0427\u041d\u0418 \u0418\u041d\u0421\u0422\u0418\u0422\u0423\u0422 \u0417\u0410 \u0412\u0415\u0422\u0415\u0420\u0418\u041d\u0410\u0420\u0421\u0422\u0412\u041e &quot;\u041d\u041e\u0412\u0418 \u0421\u0410\u0414&quot;","robots":{"index":"index","follow":"follow","max-snippet":"max-snippet:-1","max-image-preview":"max-image-preview:large","max-video-preview":"max-video-preview:-1"},"canonical":"https:\/\/niv.ns.ac.rs\/en\/team\/jelena-konstantinov\/","og_locale":"en_US","og_type":"article","og_title":"Jelena_Konstantinov","og_url":"https:\/\/niv.ns.ac.rs\/en\/team\/jelena-konstantinov\/","og_site_name":"\u041d\u0410\u0423\u0427\u041d\u0418 \u0418\u041d\u0421\u0422\u0418\u0422\u0423\u0422 \u0417\u0410 \u0412\u0415\u0422\u0415\u0420\u0418\u041d\u0410\u0420\u0421\u0422\u0412\u041e &quot;\u041d\u041e\u0412\u0418 \u0421\u0410\u0414&quot;","article_modified_time":"2025-02-22T17:16:10+00:00","twitter_card":"summary_large_image","twitter_misc":{"Est. reading time":"2 minutes"},"schema":{"@context":"https:\/\/schema.org","@graph":[{"@type":"WebPage","@id":"https:\/\/niv.ns.ac.rs\/en\/team\/jelena-konstantinov\/","url":"https:\/\/niv.ns.ac.rs\/en\/team\/jelena-konstantinov\/","name":"Jelena_Konstantinov &#171; \u041d\u0410\u0423\u0427\u041d\u0418 \u0418\u041d\u0421\u0422\u0418\u0422\u0423\u0422 \u0417\u0410 \u0412\u0415\u0422\u0415\u0420\u0418\u041d\u0410\u0420\u0421\u0422\u0412\u041e &quot;\u041d\u041e\u0412\u0418 \u0421\u0410\u0414&quot;","isPartOf":{"@id":"https:\/\/niv.ns.ac.rs\/en\/#website"},"datePublished":"2025-02-22T17:13:47+00:00","dateModified":"2025-02-22T17:16:10+00:00","breadcrumb":{"@id":"https:\/\/niv.ns.ac.rs\/en\/team\/jelena-konstantinov\/#breadcrumb"},"inLanguage":"en-US","potentialAction":[{"@type":"ReadAction","target":["https:\/\/niv.ns.ac.rs\/en\/team\/jelena-konstantinov\/"]}]},{"@type":"BreadcrumbList","@id":"https:\/\/niv.ns.ac.rs\/en\/team\/jelena-konstantinov\/#breadcrumb","itemListElement":[{"@type":"ListItem","position":1,"name":"\u041f\u043e\u0447\u0435\u0442\u043d\u0430","item":"https:\/\/niv.ns.ac.rs\/en\/"},{"@type":"ListItem","position":2,"name":"team","item":"https:\/\/niv.ns.ac.rs\/en\/team\/"},{"@type":"ListItem","position":3,"name":"Jelena_Konstantinov"}]},{"@type":"WebSite","@id":"https:\/\/niv.ns.ac.rs\/en\/#website","url":"https:\/\/niv.ns.ac.rs\/en\/","name":"\u041d\u0410\u0423\u0427\u041d\u0418 \u0418\u041d\u0421\u0422\u0418\u0422\u0423\u0422 \u0417\u0410 \u0412\u0415\u0422\u0415\u0420\u0418\u041d\u0410\u0420\u0421\u0422\u0412\u041e &quot;\u041d\u041e\u0412\u0418 \u0421\u0410\u0414&quot;","description":"\u0412\u0435\u0442\u0435\u0440\u0438\u043d\u0430\u0440\u0441\u0442\u0432\u043e, \u043d\u0430\u0443\u043a\u0430","publisher":{"@id":"https:\/\/niv.ns.ac.rs\/en\/#organization"},"potentialAction":[{"@type":"SearchAction","target":{"@type":"EntryPoint","urlTemplate":"https:\/\/niv.ns.ac.rs\/en\/?s={search_term_string}"},"query-input":{"@type":"PropertyValueSpecification","valueRequired":true,"valueName":"search_term_string"}}],"inLanguage":"en-US"},{"@type":"Organization","@id":"https:\/\/niv.ns.ac.rs\/en\/#organization","name":"\u041d\u0430\u0443\u0447\u043d\u0438 \u0438\u043d\u0441\u0442\u0438\u0442\u0443\u0442 \u0437\u0430 \u0432\u0435\u0442\u0435\u0440\u0438\u043d\u0430\u0440\u0441\u0442\u0432\u043e \"\u041d\u043e\u0432\u0438 \u0421\u0430\u0434\"","url":"https:\/\/niv.ns.ac.rs\/en\/","logo":{"@type":"ImageObject","inLanguage":"en-US","@id":"https:\/\/niv.ns.ac.rs\/en\/#\/schema\/logo\/image\/","url":"https:\/\/niv.ns.ac.rs\/wp-content\/uploads\/2017\/08\/pun-kolor-CIR.png","contentUrl":"https:\/\/niv.ns.ac.rs\/wp-content\/uploads\/2017\/08\/pun-kolor-CIR.png","width":363,"height":494,"caption":"\u041d\u0430\u0443\u0447\u043d\u0438 \u0438\u043d\u0441\u0442\u0438\u0442\u0443\u0442 \u0437\u0430 \u0432\u0435\u0442\u0435\u0440\u0438\u043d\u0430\u0440\u0441\u0442\u0432\u043e \"\u041d\u043e\u0432\u0438 \u0421\u0430\u0434\""},"image":{"@id":"https:\/\/niv.ns.ac.rs\/en\/#\/schema\/logo\/image\/"}}]}},"_links":{"self":[{"href":"https:\/\/niv.ns.ac.rs\/en\/wp-json\/wp\/v2\/pages\/12150","targetHints":{"allow":["GET"]}}],"collection":[{"href":"https:\/\/niv.ns.ac.rs\/en\/wp-json\/wp\/v2\/pages"}],"about":[{"href":"https:\/\/niv.ns.ac.rs\/en\/wp-json\/wp\/v2\/types\/page"}],"author":[{"embeddable":true,"href":"https:\/\/niv.ns.ac.rs\/en\/wp-json\/wp\/v2\/users\/5"}],"replies":[{"embeddable":true,"href":"https:\/\/niv.ns.ac.rs\/en\/wp-json\/wp\/v2\/comments?post=12150"}],"version-history":[{"count":3,"href":"https:\/\/niv.ns.ac.rs\/en\/wp-json\/wp\/v2\/pages\/12150\/revisions"}],"predecessor-version":[{"id":12152,"href":"https:\/\/niv.ns.ac.rs\/en\/wp-json\/wp\/v2\/pages\/12150\/revisions\/12152"}],"up":[{"embeddable":true,"href":"https:\/\/niv.ns.ac.rs\/en\/wp-json\/wp\/v2\/pages\/7375"}],"wp:attachment":[{"href":"https:\/\/niv.ns.ac.rs\/en\/wp-json\/wp\/v2\/media?parent=12150"}],"curies":[{"name":"wp","href":"https:\/\/api.w.org\/{rel}","templated":true}]}}