{"id":12128,"date":"2025-02-21T23:32:18","date_gmt":"2025-02-21T21:32:18","guid":{"rendered":"https:\/\/niv.ns.ac.rs\/?page_id=12128"},"modified":"2025-02-22T19:01:48","modified_gmt":"2025-02-22T17:01:48","slug":"stefan-doncic","status":"publish","type":"page","link":"https:\/\/niv.ns.ac.rs\/en\/team\/stefan-doncic\/","title":{"rendered":"Stefan_Doncic"},"content":{"rendered":"\n<style type=\"text\/css\" data-created_by=\"avia_inline_auto\" id=\"style-css-av-vbngwq-6a6bcdaea04ba6b2816c527f7400a46c\">\n.avia-section.av-vbngwq-6a6bcdaea04ba6b2816c527f7400a46c{\nbackground-color:#8bb8e8;\nbackground-image:unset;\n}\n<\/style>\n<div id='av_section_1'  class='avia-section av-vbngwq-6a6bcdaea04ba6b2816c527f7400a46c main_color avia-section-small avia-no-shadow  avia-builder-el-0  el_before_av_layout_row  avia-builder-el-first  avia-bg-style-scroll container_wrap fullsize'  ><div class='container av-section-cont-open' ><main  role=\"main\" itemprop=\"mainContentOfPage\"  class='template-page content  av-content-full alpha units'><div class='post-entry post-entry-type-page post-entry-12128'><div class='entry-content-wrapper clearfix'>\n<\/div><\/div><\/main><!-- close content main element --><\/div><\/div><div id='av-layout-grid-1'  class='av-layout-grid-container av-tamva2-e0161688ff224f16c00f0251200c0b47 entry-content-wrapper main_color av-border-top-bottom av-flex-cells  avia-builder-el-1  el_after_av_section  el_before_av_section  grid-row-not-first  container_wrap fullsize'  >\n\n<style type=\"text\/css\" data-created_by=\"avia_inline_auto\" id=\"style-css-av-rxpoi2-dbb119179936728998b66f1398cb7cd4\">\n.flex_cell.av-rxpoi2-dbb119179936728998b66f1398cb7cd4{\nvertical-align:middle;\nbackground-color:#b0cbe8;\n}\n.responsive #top #wrap_all .flex_cell.av-rxpoi2-dbb119179936728998b66f1398cb7cd4{\npadding:30px 30px 30px 30px !important;\n}\n<\/style>\n<div class='flex_cell av-rxpoi2-dbb119179936728998b66f1398cb7cd4 av-gridrow-cell av_two_third no_margin  avia-builder-el-2  el_before_av_cell_one_third  avia-builder-el-first  content-align-middle'  ><div class='flex_cell_inner'>\n<style type=\"text\/css\" data-created_by=\"avia_inline_auto\" id=\"style-css-av-qb4mkq-5b87fc2f099a87b290a7a8e2a910de38\">\n#top .av_textblock_section.av-qb4mkq-5b87fc2f099a87b290a7a8e2a910de38 .avia_textblock{\nfont-size:28px;\ncolor:#264f89;\n}\n<\/style>\n<section  class='av_textblock_section av-qb4mkq-5b87fc2f099a87b290a7a8e2a910de38 '   itemscope=\"itemscope\" itemtype=\"https:\/\/schema.org\/CreativeWork\" ><div class='avia_textblock av_inherit_color'  itemprop=\"text\" ><h3 style=\"text-align: left;\"><\/h3>\n<p style=\"text-align: right;\"><strong>DVM Stefan Don\u010di\u0107,<\/strong><\/p>\n<p style=\"text-align: right;\">\u0408unior research assistant<\/p>\n<p style=\"text-align: right;\">Department of Food Safety<\/p>\n<p style=\"text-align: right;\">E-mail: stefan.d@niv.ns.ac.rs<\/p>\n<p style=\"text-align: right;\">\u00a0Phone: +381 21 4895 366<\/p>\n<\/div><\/section>\n<\/div><\/div>\n<style type=\"text\/css\" data-created_by=\"avia_inline_auto\" id=\"style-css-av-nflch6-69a1b8e5c6c4291fa3d751364172e0f3\">\n.flex_cell.av-nflch6-69a1b8e5c6c4291fa3d751364172e0f3{\nvertical-align:top;\nbackground-color:#3577e0;\n}\n.responsive #top #wrap_all .flex_cell.av-nflch6-69a1b8e5c6c4291fa3d751364172e0f3{\npadding:30px 30px 30px 30px !important;\n}\n<\/style>\n<div class='flex_cell av-nflch6-69a1b8e5c6c4291fa3d751364172e0f3 av-gridrow-cell av_one_third no_margin  avia-builder-el-4  el_after_av_cell_two_third  avia-builder-el-last  content-align-top'  ><div class='flex_cell_inner'>\n<style type=\"text\/css\" data-created_by=\"avia_inline_auto\" id=\"style-css-av-m4vgmy-ee13d326cdfd124406077540347ef5b9\">\n.avia-image-container.av-m4vgmy-ee13d326cdfd124406077540347ef5b9 img.avia_image{\nbox-shadow:none;\n}\n.avia-image-container.av-m4vgmy-ee13d326cdfd124406077540347ef5b9 .av-image-caption-overlay-center{\ncolor:#ffffff;\n}\n<\/style>\n<div  class='avia-image-container av-m4vgmy-ee13d326cdfd124406077540347ef5b9 av-styling-circle av-hover-grow avia-align-center  avia-builder-el-5  avia-builder-el-no-sibling '   itemprop=\"image\" itemscope=\"itemscope\" itemtype=\"https:\/\/schema.org\/ImageObject\" ><div class=\"avia-image-container-inner\"><div class=\"avia-image-overlay-wrap\"><img decoding=\"async\" fetchpriority=\"high\" class='wp-image-11312 avia-img-lazy-loading-not-11312 avia_image ' src=\"https:\/\/niv.ns.ac.rs\/wp-content\/uploads\/2024\/09\/Stefan_Doncic-300x300.jpg\" alt='' title='Stefan_Doncic'  height=\"300\" width=\"300\"  itemprop=\"thumbnailUrl\" srcset=\"https:\/\/niv.ns.ac.rs\/wp-content\/uploads\/2024\/09\/Stefan_Doncic-300x300.jpg 300w, https:\/\/niv.ns.ac.rs\/wp-content\/uploads\/2024\/09\/Stefan_Doncic-1030x1030.jpg 1030w, https:\/\/niv.ns.ac.rs\/wp-content\/uploads\/2024\/09\/Stefan_Doncic-80x80.jpg 80w, https:\/\/niv.ns.ac.rs\/wp-content\/uploads\/2024\/09\/Stefan_Doncic-768x768.jpg 768w, https:\/\/niv.ns.ac.rs\/wp-content\/uploads\/2024\/09\/Stefan_Doncic-1536x1536.jpg 1536w, https:\/\/niv.ns.ac.rs\/wp-content\/uploads\/2024\/09\/Stefan_Doncic-2048x2048.jpg 2048w, https:\/\/niv.ns.ac.rs\/wp-content\/uploads\/2024\/09\/Stefan_Doncic-36x36.jpg 36w, https:\/\/niv.ns.ac.rs\/wp-content\/uploads\/2024\/09\/Stefan_Doncic-180x180.jpg 180w, https:\/\/niv.ns.ac.rs\/wp-content\/uploads\/2024\/09\/Stefan_Doncic-1500x1500.jpg 1500w, https:\/\/niv.ns.ac.rs\/wp-content\/uploads\/2024\/09\/Stefan_Doncic-705x705.jpg 705w\" sizes=\"(max-width: 300px) 100vw, 300px\" \/><\/div><\/div><\/div>\n<\/div><\/div><\/div>\n<style type=\"text\/css\" data-created_by=\"avia_inline_auto\" id=\"style-css-av-b2vtvu-a7f20f8da63806f1f552cb7b13f62f38\">\n.avia-section.av-b2vtvu-a7f20f8da63806f1f552cb7b13f62f38{\nbackground-color:#8bb8e8;\nbackground-image:unset;\n}\n<\/style>\n<div id='av_section_2'  class='avia-section av-b2vtvu-a7f20f8da63806f1f552cb7b13f62f38 main_color avia-section-default avia-no-shadow  avia-builder-el-6  el_after_av_layout_row  el_before_av_one_full  avia-bg-style-scroll container_wrap fullsize'  ><div class='container av-section-cont-open' ><div class='template-page content  av-content-full alpha units'><div class='post-entry post-entry-type-page post-entry-12128'><div class='entry-content-wrapper clearfix'><\/div><\/div><\/div><!-- close content main div --><\/div><\/div><div id='after_section_2'  class='main_color av_default_container_wrap container_wrap fullsize'  ><div class='container av-section-cont-open' ><div class='template-page content  av-content-full alpha units'><div class='post-entry post-entry-type-page post-entry-12128'><div class='entry-content-wrapper clearfix'><\/p>\n\n<style type=\"text\/css\" data-created_by=\"avia_inline_auto\" id=\"style-css-av-91pfx6-5c49c692d4ccb51a64fbaa675c53bc85\">\n.flex_column.av-91pfx6-5c49c692d4ccb51a64fbaa675c53bc85{\nborder-width:1px;\nborder-color:#3a79ad;\nborder-style:solid;\nborder-radius:0px 0px 0px 0px;\npadding:0px 0px 0px 0px;\n}\n<\/style>\n<div  class='flex_column av-91pfx6-5c49c692d4ccb51a64fbaa675c53bc85 av_one_full  avia-builder-el-7  el_after_av_section  el_before_av_social_share  avia-builder-el-first  first flex_column_div av-zero-column-padding  '     ><div  class='tabcontainer av-m7gg64mz-f0da827d547ca48c9c7932fd89e3add2 top_tab  avia-builder-el-8  avia-builder-el-no-sibling '>\n<section class='av_tab_section av_tab_section av-av_tab-04b41fbf27067ede0f528cc04f26488a'  itemscope=\"itemscope\" itemtype=\"https:\/\/schema.org\/CreativeWork\" ><div id='tab-id-1-tab' class='tab active_tab' role='tab' aria-selected=\"true\" tabindex=\"0\" data-fake-id='#tab-id-1' aria-controls='tab-id-1-content'  itemprop=\"headline\" ><span class='tab_icon avia-iconfont avia-font-entypo-fontello' data-av_icon='\ue80a' data-av_iconfont='entypo-fontello' ><\/span>Curriculum Vitae<\/div><div id='tab-id-1-content' class='tab_content active_tab_content' role='tabpanel' aria-labelledby='tab-id-1-tab' aria-hidden=\"false\"><div class='tab_inner_content invers-color'  itemprop=\"text\" ><p><span style=\"text-decoration: underline;\"><strong>DVM Stefan Don\u010di\u0107, \u0408unior research assistant<\/strong><\/span><\/p>\n<p><strong>Year and place of Birth:<\/strong> 1997, Jagodina, Serbia<\/p>\n<p><strong>Scientific Area:<\/strong> Biotechnical Sciences, Veterinary Medicine, Food Safety<\/p>\n<p><strong>Phone:<\/strong> +381 21 4895 371<\/p>\n<p><strong>\u0435-mail:<\/strong> stefan.d@niv.ns.ac.rs<\/p>\n<p><strong>ORCID ID:<\/strong> <a href=\"https:\/\/orcid.org\/0009-0001-0626-9815\">0009-0001-0626-9815<\/a><\/p>\n<p><strong>ResearchGate:<\/strong> Stefan Don\u010di\u0107<\/p>\n<p><strong>APVNT no.:<\/strong> 7333<\/p>\n<p><strong>Researcher Identification Number:<\/strong> TC460<\/p>\n<p><span style=\"text-decoration: underline;\"><strong>Education:<\/strong><\/span><\/p>\n<p>Integrated Undergraduate and Master Academic Studies: October 2016. \u2013 October 2023.<\/p>\n<p>Faculty of Veterinary Medicine, University of Belgrade<\/p>\n<p>Average grade: 9.09<\/p>\n<p>Academic degree: doctor of veterinary medicine (DVM)<\/p>\n<p>Doctoral academic studies: October 2023 \u2013 present<\/p>\n<p>Faculty of Veterinary Medicine, University of Belgrade<\/p>\n<p><span style=\"text-decoration: underline;\"><strong>Scientific Titles:<\/strong><\/span><\/p>\n<ul>\n<li>March 2024, \u0408unior research assistant<\/li>\n<\/ul>\n<p><span style=\"text-decoration: underline;\"><strong>Primary Research Interests:<\/strong><\/span><\/p>\n<ul>\n<li>Food safety, process hygiene, production technology, parasitology, microbiology, organoleptics and the presence of residues in animal-based food products<\/li>\n<li>Modern methods in the diagnosis and control of animal-based food products<\/li>\n<\/ul>\n<p><span style=\"text-decoration: underline;\"><strong>Main Daily and Research Activities:<\/strong><\/span><\/p>\n<ul>\n<li>Organoleptic examination of animal-based food products<\/li>\n<li>Microbiological examination of animal-based food products<\/li>\n<li>Examination of residue presence in animal-based food products<\/li>\n<li>Parasitological examination of animal-based food products<\/li>\n<li>Evaluation of results for animal-based food products<\/li>\n<\/ul>\n<p><span style=\"text-decoration: underline;\">Projects:<\/span><\/p>\n<p>SAIGE \u041f\u0440\u043e\u0433\u0440\u0430\u043c &#8211; SEED RESEARCH GRANT Project \u2013 Prevalence of Echerichia Coli 0157: Isolated from the cattle slaughter line in Srem and Kolubara districts of Serbia.<\/p>\n<p><span style=\"text-decoration: underline;\"><strong>Trainings, seminars and courses:<\/strong><\/span><\/p>\n<ul>\n<li>15th Congress on Nutrition &#8220;FOOD, NUTRITION, AND HEALTH WITHIN THE FRAMEWORK OF SUSTAINABLE DEVELOPMENT\u201c Place, country and date of the event: Belgrade, Serbia, from November 20 to 22, 2024. Organizer: The Nutrition Society of Serbia<\/li>\n<\/ul>\n<p><span style=\"text-decoration: underline;\"><strong>Other capabilities:<\/strong><\/span><\/p>\n<ul>\n<li>English, active<\/li>\n<li>Good computer skills (M. Office)<\/li>\n<li>Driving license B category<\/li>\n<li>Good teamwork<\/li>\n<\/ul>\n<p><span style=\"text-decoration: underline;\"><strong>Current position:<\/strong><\/span><\/p>\n<p>\u0408unior research assistant, at Scientific Veterinary Institute \u2019Novi Sad\u2019<\/p>\n<p>Department of Food Safety<\/p>\n<ul>\n<li>\u0415gaged in scientific research under the Seventh Call of the Ministry of Science, Technological Development, and Innovation for talented young researchers \u2013 doctoral academic students to participate in scientific research at accredited scientific research organizations.<\/li>\n<\/ul>\n<p><span style=\"text-decoration: underline;\"><strong>Contact:<\/strong><\/span><\/p>\n<p>DVM Stefan Don\u010di\u0107, \u0408unior research assistant<\/p>\n<p>Scientific Veterinary Institute \u2018Novi Sad\u2018<\/p>\n<p>Department of Food Safety<\/p>\n<p>Rumena\u010dki put no. 20,<\/p>\n<p>21000 Novi Sad<\/p>\n<p>E-mail: stefan.d@niv.ns.ac.rs<\/p>\n<\/div><\/div><\/section>\n<section class='av_tab_section av_tab_section av-m7gg61e0-74a8bc84a306b9e392d252aef52f5dd2'  itemscope=\"itemscope\" itemtype=\"https:\/\/schema.org\/CreativeWork\" ><div id='tab-id-2-tab' class='tab' role='tab' aria-selected=\"false\" tabindex=\"0\" data-fake-id='#tab-id-2' aria-controls='tab-id-2-content'  itemprop=\"headline\" ><span class='tab_icon avia-iconfont avia-font-entypo-fontello' data-av_icon='\ue84f' data-av_iconfont='entypo-fontello' ><\/span>References<\/div><div id='tab-id-2-content' class='tab_content' role='tabpanel' aria-labelledby='tab-id-2-tab' aria-hidden=\"true\"><div class='tab_inner_content invers-color'  itemprop=\"text\" ><p><strong>Chosen references:<\/strong><\/p>\n<ol>\n<li><strong>Don\u010di\u0107 Stefan<\/strong>, Vi\u0107i\u0107 Ivan, Vidakovi\u0107 Kne\u017eevi\u0107 Suzana, Kne\u017eevi\u0107 Slobodan, Vrane\u0161evi\u0107\u00a0Jelena, Karabasil Nedjeljko: Microbiological status of pig and cattle carcasses at different stages of slaughter in a large slaughterhouse. Book of abstracts, 15th International Congress\u00a0on Nutrition \u201cFood, nutrition, and health within the framework of sustainable development\u201d,\u00a020-22 nd November 2024, Belgrade, Beograd, Dru\u0161tvo za ishranu Srbije, 2024, 105, ISBN978-86-909633-7-9 (eng), M64 0,2, Contact number 451-03-66\/2024-03\/200143<\/li>\n<li>Suzana Vidakovi\u0107 Kne\u017eevi\u0107, Jelena Vrane\u0161evi\u0107, Slobodan Kne\u017eevi\u0107, <strong>Stefan Don\u010di\u0107<\/strong>, Jasna\u00a0Kurelju\u0161i\u0107, Nikolina Novakov (2024) Prisustvo parazita u primarnim proizvodima ribarstva \u2013prihvatljivost i rizik za zdravlje potro\u0161a\u010da, E-Zbornik sa\u017eetaka, Stru\u010dno-nau\u010dni skup sa\u00a0me\u0111unarodnim u\u010de\u0161\u0107em, III Memorijalni dan \u201e\u0160inkovi\u0107\u201d, str. 18-19, ISBN-978-86-7520-622-4, M64<\/li>\n<li>Jelena Vrane\u0161evi\u0107, Suzana Vidakovi\u0107 Kne\u017eevi\u0107, Marija Paji\u0107, Dubravka Milanov, <strong>Stefan Don\u010di\u0107<\/strong>, Sandra Jak\u0161i\u0107 (2024) Aflatoksin M1 u mleku i mle\u010dnim proizvodima, E-Zbornik sa\u017eetaka, Stru\u010dno-nau\u010dni skup sa me\u0111unarodnim u\u010de\u0161\u0107em, III Memorijalni dan \u201e\u0160inkovi\u0107\u201d, str. 16-17, ISBN-978-86-7520-622-4, M64.<\/li>\n<li><\/li>\n<li style=\"list-style-type: none;\"><\/li>\n<\/ol>\n<\/div><\/div><\/section>\n<\/div><\/div><div  class='av-social-sharing-box av-ax4yi-ce8ba145d07617afb0f661e091f1342c av-social-sharing-box-default  avia-builder-el-9  el_after_av_one_full  avia-builder-el-last  av-social-sharing-box-fullwidth'><div class=\"av-share-box\"><h5 class='av-share-link-description av-no-toc '>\u041f\u043e\u0434\u0435\u043b\u0438\u0442\u0435 \u043e\u0432\u0443 \u0441\u0442\u0440\u0430\u043d\u0438\u0446\u0443<\/h5><ul class=\"av-share-box-list noLightbox\"><li class='av-share-link av-social-link-facebook avia_social_iconfont' ><a target=\"_blank\" aria-label=\"Share on Facebook\" href='https:\/\/www.facebook.com\/sharer.php?u=https:\/\/niv.ns.ac.rs\/en\/team\/stefan-doncic\/&#038;t=Stefan_Doncic' data-av_icon='\ue8f3' data-av_iconfont='entypo-fontello'  title='' data-avia-related-tooltip='Share on Facebook'><span class='avia_hidden_link_text'>Share on Facebook<\/span><\/a><\/li><li class='av-share-link av-social-link-twitter avia_social_iconfont' ><a target=\"_blank\" aria-label=\"Share on X\" href='https:\/\/twitter.com\/share?text=Stefan_Doncic&#038;url=https:\/\/niv.ns.ac.rs\/en\/?p=12128' data-av_icon='\ue932' data-av_iconfont='entypo-fontello'  title='' data-avia-related-tooltip='Share on X'><span class='avia_hidden_link_text'>Share on X<\/span><\/a><\/li><li class='av-share-link av-social-link-whatsapp avia_social_iconfont' ><a target=\"_blank\" aria-label=\"Share on WhatsApp\" href='https:\/\/api.whatsapp.com\/send?text=https:\/\/niv.ns.ac.rs\/en\/team\/stefan-doncic\/' data-av_icon='\uf232' data-av_iconfont='entypo-fontello'  title='' data-avia-related-tooltip='Share on WhatsApp'><span class='avia_hidden_link_text'>Share on WhatsApp<\/span><\/a><\/li><li class='av-share-link av-social-link-pinterest avia_social_iconfont' ><a target=\"_blank\" aria-label=\"Share on Pinterest\" href='https:\/\/pinterest.com\/pin\/create\/button\/?url=https%3A%2F%2Fniv.ns.ac.rs%2Fen%2Fteam%2Fstefan-doncic%2F&#038;description=Stefan_Doncic&#038;media=' data-av_icon='\ue8f8' data-av_iconfont='entypo-fontello'  title='' data-avia-related-tooltip='Share on Pinterest'><span class='avia_hidden_link_text'>Share on Pinterest<\/span><\/a><\/li><li class='av-share-link av-social-link-linkedin avia_social_iconfont' ><a target=\"_blank\" aria-label=\"Share on LinkedIn\" href='https:\/\/linkedin.com\/shareArticle?mini=true&#038;title=Stefan_Doncic&#038;url=https:\/\/niv.ns.ac.rs\/en\/team\/stefan-doncic\/' data-av_icon='\ue8fc' data-av_iconfont='entypo-fontello'  title='' data-avia-related-tooltip='Share on LinkedIn'><span class='avia_hidden_link_text'>Share on LinkedIn<\/span><\/a><\/li><li class='av-share-link av-social-link-mail avia_social_iconfont' ><a  aria-label=\"Share by Mail\" href='mailto:?subject=Stefan_Doncic&#038;body=https:\/\/niv.ns.ac.rs\/en\/team\/stefan-doncic\/' data-av_icon='\ue805' data-av_iconfont='entypo-fontello'  title='' data-avia-related-tooltip='Share by Mail'><span class='avia_hidden_link_text'>Share by Mail<\/span><\/a><\/li><\/ul><\/div><\/div><\/p>\n","protected":false},"excerpt":{"rendered":"","protected":false},"author":5,"featured_media":0,"parent":7375,"menu_order":0,"comment_status":"closed","ping_status":"closed","template":"","meta":{"protect_children":false,"footnotes":""},"class_list":["post-12128","page","type-page","status-publish","hentry"],"yoast_head":"<!-- This site is optimized with the Yoast SEO Premium plugin v26.1 (Yoast SEO v26.1.1) - https:\/\/yoast.com\/wordpress\/plugins\/seo\/ -->\n<title>Stefan_Doncic &#171; \u041d\u0410\u0423\u0427\u041d\u0418 \u0418\u041d\u0421\u0422\u0418\u0422\u0423\u0422 \u0417\u0410 \u0412\u0415\u0422\u0415\u0420\u0418\u041d\u0410\u0420\u0421\u0422\u0412\u041e &quot;\u041d\u041e\u0412\u0418 \u0421\u0410\u0414&quot;<\/title>\n<meta name=\"robots\" content=\"index, follow, max-snippet:-1, max-image-preview:large, max-video-preview:-1\" \/>\n<link rel=\"canonical\" href=\"https:\/\/niv.ns.ac.rs\/en\/team\/stefan-doncic\/\" \/>\n<meta property=\"og:locale\" content=\"en_US\" \/>\n<meta property=\"og:type\" content=\"article\" \/>\n<meta property=\"og:title\" content=\"Stefan_Doncic\" \/>\n<meta property=\"og:url\" content=\"https:\/\/niv.ns.ac.rs\/en\/team\/stefan-doncic\/\" \/>\n<meta property=\"og:site_name\" content=\"\u041d\u0410\u0423\u0427\u041d\u0418 \u0418\u041d\u0421\u0422\u0418\u0422\u0423\u0422 \u0417\u0410 \u0412\u0415\u0422\u0415\u0420\u0418\u041d\u0410\u0420\u0421\u0422\u0412\u041e &quot;\u041d\u041e\u0412\u0418 \u0421\u0410\u0414&quot;\" \/>\n<meta property=\"article:modified_time\" content=\"2025-02-22T17:01:48+00:00\" \/>\n<meta name=\"twitter:card\" content=\"summary_large_image\" \/>\n<meta name=\"twitter:label1\" content=\"Est. reading time\" \/>\n\t<meta name=\"twitter:data1\" content=\"3 minutes\" \/>\n<script type=\"application\/ld+json\" class=\"yoast-schema-graph\">{\"@context\":\"https:\/\/schema.org\",\"@graph\":[{\"@type\":\"WebPage\",\"@id\":\"https:\/\/niv.ns.ac.rs\/en\/team\/stefan-doncic\/\",\"url\":\"https:\/\/niv.ns.ac.rs\/en\/team\/stefan-doncic\/\",\"name\":\"Stefan_Doncic &#171; \u041d\u0410\u0423\u0427\u041d\u0418 \u0418\u041d\u0421\u0422\u0418\u0422\u0423\u0422 \u0417\u0410 \u0412\u0415\u0422\u0415\u0420\u0418\u041d\u0410\u0420\u0421\u0422\u0412\u041e &quot;\u041d\u041e\u0412\u0418 \u0421\u0410\u0414&quot;\",\"isPartOf\":{\"@id\":\"https:\/\/niv.ns.ac.rs\/en\/#website\"},\"datePublished\":\"2025-02-21T21:32:18+00:00\",\"dateModified\":\"2025-02-22T17:01:48+00:00\",\"breadcrumb\":{\"@id\":\"https:\/\/niv.ns.ac.rs\/en\/team\/stefan-doncic\/#breadcrumb\"},\"inLanguage\":\"en-US\",\"potentialAction\":[{\"@type\":\"ReadAction\",\"target\":[\"https:\/\/niv.ns.ac.rs\/en\/team\/stefan-doncic\/\"]}]},{\"@type\":\"BreadcrumbList\",\"@id\":\"https:\/\/niv.ns.ac.rs\/en\/team\/stefan-doncic\/#breadcrumb\",\"itemListElement\":[{\"@type\":\"ListItem\",\"position\":1,\"name\":\"\u041f\u043e\u0447\u0435\u0442\u043d\u0430\",\"item\":\"https:\/\/niv.ns.ac.rs\/en\/\"},{\"@type\":\"ListItem\",\"position\":2,\"name\":\"team\",\"item\":\"https:\/\/niv.ns.ac.rs\/en\/team\/\"},{\"@type\":\"ListItem\",\"position\":3,\"name\":\"Stefan_Doncic\"}]},{\"@type\":\"WebSite\",\"@id\":\"https:\/\/niv.ns.ac.rs\/en\/#website\",\"url\":\"https:\/\/niv.ns.ac.rs\/en\/\",\"name\":\"\u041d\u0410\u0423\u0427\u041d\u0418 \u0418\u041d\u0421\u0422\u0418\u0422\u0423\u0422 \u0417\u0410 \u0412\u0415\u0422\u0415\u0420\u0418\u041d\u0410\u0420\u0421\u0422\u0412\u041e &quot;\u041d\u041e\u0412\u0418 \u0421\u0410\u0414&quot;\",\"description\":\"\u0412\u0435\u0442\u0435\u0440\u0438\u043d\u0430\u0440\u0441\u0442\u0432\u043e, \u043d\u0430\u0443\u043a\u0430\",\"publisher\":{\"@id\":\"https:\/\/niv.ns.ac.rs\/en\/#organization\"},\"potentialAction\":[{\"@type\":\"SearchAction\",\"target\":{\"@type\":\"EntryPoint\",\"urlTemplate\":\"https:\/\/niv.ns.ac.rs\/en\/?s={search_term_string}\"},\"query-input\":{\"@type\":\"PropertyValueSpecification\",\"valueRequired\":true,\"valueName\":\"search_term_string\"}}],\"inLanguage\":\"en-US\"},{\"@type\":\"Organization\",\"@id\":\"https:\/\/niv.ns.ac.rs\/en\/#organization\",\"name\":\"\u041d\u0430\u0443\u0447\u043d\u0438 \u0438\u043d\u0441\u0442\u0438\u0442\u0443\u0442 \u0437\u0430 \u0432\u0435\u0442\u0435\u0440\u0438\u043d\u0430\u0440\u0441\u0442\u0432\u043e \\\"\u041d\u043e\u0432\u0438 \u0421\u0430\u0434\\\"\",\"url\":\"https:\/\/niv.ns.ac.rs\/en\/\",\"logo\":{\"@type\":\"ImageObject\",\"inLanguage\":\"en-US\",\"@id\":\"https:\/\/niv.ns.ac.rs\/en\/#\/schema\/logo\/image\/\",\"url\":\"https:\/\/niv.ns.ac.rs\/wp-content\/uploads\/2017\/08\/pun-kolor-CIR.png\",\"contentUrl\":\"https:\/\/niv.ns.ac.rs\/wp-content\/uploads\/2017\/08\/pun-kolor-CIR.png\",\"width\":363,\"height\":494,\"caption\":\"\u041d\u0430\u0443\u0447\u043d\u0438 \u0438\u043d\u0441\u0442\u0438\u0442\u0443\u0442 \u0437\u0430 \u0432\u0435\u0442\u0435\u0440\u0438\u043d\u0430\u0440\u0441\u0442\u0432\u043e \\\"\u041d\u043e\u0432\u0438 \u0421\u0430\u0434\\\"\"},\"image\":{\"@id\":\"https:\/\/niv.ns.ac.rs\/en\/#\/schema\/logo\/image\/\"}}]}<\/script>\n<!-- \/ Yoast SEO Premium plugin. -->","yoast_head_json":{"title":"Stefan_Doncic &#171; \u041d\u0410\u0423\u0427\u041d\u0418 \u0418\u041d\u0421\u0422\u0418\u0422\u0423\u0422 \u0417\u0410 \u0412\u0415\u0422\u0415\u0420\u0418\u041d\u0410\u0420\u0421\u0422\u0412\u041e &quot;\u041d\u041e\u0412\u0418 \u0421\u0410\u0414&quot;","robots":{"index":"index","follow":"follow","max-snippet":"max-snippet:-1","max-image-preview":"max-image-preview:large","max-video-preview":"max-video-preview:-1"},"canonical":"https:\/\/niv.ns.ac.rs\/en\/team\/stefan-doncic\/","og_locale":"en_US","og_type":"article","og_title":"Stefan_Doncic","og_url":"https:\/\/niv.ns.ac.rs\/en\/team\/stefan-doncic\/","og_site_name":"\u041d\u0410\u0423\u0427\u041d\u0418 \u0418\u041d\u0421\u0422\u0418\u0422\u0423\u0422 \u0417\u0410 \u0412\u0415\u0422\u0415\u0420\u0418\u041d\u0410\u0420\u0421\u0422\u0412\u041e &quot;\u041d\u041e\u0412\u0418 \u0421\u0410\u0414&quot;","article_modified_time":"2025-02-22T17:01:48+00:00","twitter_card":"summary_large_image","twitter_misc":{"Est. reading time":"3 minutes"},"schema":{"@context":"https:\/\/schema.org","@graph":[{"@type":"WebPage","@id":"https:\/\/niv.ns.ac.rs\/en\/team\/stefan-doncic\/","url":"https:\/\/niv.ns.ac.rs\/en\/team\/stefan-doncic\/","name":"Stefan_Doncic &#171; \u041d\u0410\u0423\u0427\u041d\u0418 \u0418\u041d\u0421\u0422\u0418\u0422\u0423\u0422 \u0417\u0410 \u0412\u0415\u0422\u0415\u0420\u0418\u041d\u0410\u0420\u0421\u0422\u0412\u041e &quot;\u041d\u041e\u0412\u0418 \u0421\u0410\u0414&quot;","isPartOf":{"@id":"https:\/\/niv.ns.ac.rs\/en\/#website"},"datePublished":"2025-02-21T21:32:18+00:00","dateModified":"2025-02-22T17:01:48+00:00","breadcrumb":{"@id":"https:\/\/niv.ns.ac.rs\/en\/team\/stefan-doncic\/#breadcrumb"},"inLanguage":"en-US","potentialAction":[{"@type":"ReadAction","target":["https:\/\/niv.ns.ac.rs\/en\/team\/stefan-doncic\/"]}]},{"@type":"BreadcrumbList","@id":"https:\/\/niv.ns.ac.rs\/en\/team\/stefan-doncic\/#breadcrumb","itemListElement":[{"@type":"ListItem","position":1,"name":"\u041f\u043e\u0447\u0435\u0442\u043d\u0430","item":"https:\/\/niv.ns.ac.rs\/en\/"},{"@type":"ListItem","position":2,"name":"team","item":"https:\/\/niv.ns.ac.rs\/en\/team\/"},{"@type":"ListItem","position":3,"name":"Stefan_Doncic"}]},{"@type":"WebSite","@id":"https:\/\/niv.ns.ac.rs\/en\/#website","url":"https:\/\/niv.ns.ac.rs\/en\/","name":"\u041d\u0410\u0423\u0427\u041d\u0418 \u0418\u041d\u0421\u0422\u0418\u0422\u0423\u0422 \u0417\u0410 \u0412\u0415\u0422\u0415\u0420\u0418\u041d\u0410\u0420\u0421\u0422\u0412\u041e &quot;\u041d\u041e\u0412\u0418 \u0421\u0410\u0414&quot;","description":"\u0412\u0435\u0442\u0435\u0440\u0438\u043d\u0430\u0440\u0441\u0442\u0432\u043e, \u043d\u0430\u0443\u043a\u0430","publisher":{"@id":"https:\/\/niv.ns.ac.rs\/en\/#organization"},"potentialAction":[{"@type":"SearchAction","target":{"@type":"EntryPoint","urlTemplate":"https:\/\/niv.ns.ac.rs\/en\/?s={search_term_string}"},"query-input":{"@type":"PropertyValueSpecification","valueRequired":true,"valueName":"search_term_string"}}],"inLanguage":"en-US"},{"@type":"Organization","@id":"https:\/\/niv.ns.ac.rs\/en\/#organization","name":"\u041d\u0430\u0443\u0447\u043d\u0438 \u0438\u043d\u0441\u0442\u0438\u0442\u0443\u0442 \u0437\u0430 \u0432\u0435\u0442\u0435\u0440\u0438\u043d\u0430\u0440\u0441\u0442\u0432\u043e \"\u041d\u043e\u0432\u0438 \u0421\u0430\u0434\"","url":"https:\/\/niv.ns.ac.rs\/en\/","logo":{"@type":"ImageObject","inLanguage":"en-US","@id":"https:\/\/niv.ns.ac.rs\/en\/#\/schema\/logo\/image\/","url":"https:\/\/niv.ns.ac.rs\/wp-content\/uploads\/2017\/08\/pun-kolor-CIR.png","contentUrl":"https:\/\/niv.ns.ac.rs\/wp-content\/uploads\/2017\/08\/pun-kolor-CIR.png","width":363,"height":494,"caption":"\u041d\u0430\u0443\u0447\u043d\u0438 \u0438\u043d\u0441\u0442\u0438\u0442\u0443\u0442 \u0437\u0430 \u0432\u0435\u0442\u0435\u0440\u0438\u043d\u0430\u0440\u0441\u0442\u0432\u043e \"\u041d\u043e\u0432\u0438 \u0421\u0430\u0434\""},"image":{"@id":"https:\/\/niv.ns.ac.rs\/en\/#\/schema\/logo\/image\/"}}]}},"_links":{"self":[{"href":"https:\/\/niv.ns.ac.rs\/en\/wp-json\/wp\/v2\/pages\/12128","targetHints":{"allow":["GET"]}}],"collection":[{"href":"https:\/\/niv.ns.ac.rs\/en\/wp-json\/wp\/v2\/pages"}],"about":[{"href":"https:\/\/niv.ns.ac.rs\/en\/wp-json\/wp\/v2\/types\/page"}],"author":[{"embeddable":true,"href":"https:\/\/niv.ns.ac.rs\/en\/wp-json\/wp\/v2\/users\/5"}],"replies":[{"embeddable":true,"href":"https:\/\/niv.ns.ac.rs\/en\/wp-json\/wp\/v2\/comments?post=12128"}],"version-history":[{"count":3,"href":"https:\/\/niv.ns.ac.rs\/en\/wp-json\/wp\/v2\/pages\/12128\/revisions"}],"predecessor-version":[{"id":12148,"href":"https:\/\/niv.ns.ac.rs\/en\/wp-json\/wp\/v2\/pages\/12128\/revisions\/12148"}],"up":[{"embeddable":true,"href":"https:\/\/niv.ns.ac.rs\/en\/wp-json\/wp\/v2\/pages\/7375"}],"wp:attachment":[{"href":"https:\/\/niv.ns.ac.rs\/en\/wp-json\/wp\/v2\/media?parent=12128"}],"curies":[{"name":"wp","href":"https:\/\/api.w.org\/{rel}","templated":true}]}}