{"id":12121,"date":"2025-02-21T23:20:37","date_gmt":"2025-02-21T21:20:37","guid":{"rendered":"https:\/\/niv.ns.ac.rs\/?page_id=12121"},"modified":"2025-02-21T23:20:37","modified_gmt":"2025-02-21T21:20:37","slug":"smiljana-milosevic","status":"publish","type":"page","link":"https:\/\/niv.ns.ac.rs\/en\/team\/smiljana-milosevic\/","title":{"rendered":"Smiljana_Milosevic"},"content":{"rendered":"\n<style type=\"text\/css\" data-created_by=\"avia_inline_auto\" id=\"style-css-av-vbngwq-6a6bcdaea04ba6b2816c527f7400a46c\">\n.avia-section.av-vbngwq-6a6bcdaea04ba6b2816c527f7400a46c{\nbackground-color:#8bb8e8;\nbackground-image:unset;\n}\n<\/style>\n<div id='av_section_1'  class='avia-section av-vbngwq-6a6bcdaea04ba6b2816c527f7400a46c main_color avia-section-small avia-no-shadow  avia-builder-el-0  el_before_av_layout_row  avia-builder-el-first  avia-bg-style-scroll container_wrap fullsize'  ><div class='container av-section-cont-open' ><main  role=\"main\" itemprop=\"mainContentOfPage\"  class='template-page content  av-content-full alpha units'><div class='post-entry post-entry-type-page post-entry-12121'><div class='entry-content-wrapper clearfix'>\n<\/div><\/div><\/main><!-- close content main element --><\/div><\/div><div id='av-layout-grid-1'  class='av-layout-grid-container av-tamva2-e0161688ff224f16c00f0251200c0b47 entry-content-wrapper main_color av-border-top-bottom av-flex-cells  avia-builder-el-1  el_after_av_section  el_before_av_section  grid-row-not-first  container_wrap fullsize'  >\n\n<style type=\"text\/css\" data-created_by=\"avia_inline_auto\" id=\"style-css-av-rxpoi2-dbb119179936728998b66f1398cb7cd4\">\n.flex_cell.av-rxpoi2-dbb119179936728998b66f1398cb7cd4{\nvertical-align:middle;\nbackground-color:#b0cbe8;\n}\n.responsive #top #wrap_all .flex_cell.av-rxpoi2-dbb119179936728998b66f1398cb7cd4{\npadding:30px 30px 30px 30px !important;\n}\n<\/style>\n<div class='flex_cell av-rxpoi2-dbb119179936728998b66f1398cb7cd4 av-gridrow-cell av_two_third no_margin  avia-builder-el-2  el_before_av_cell_one_third  avia-builder-el-first  content-align-middle'  ><div class='flex_cell_inner'>\n<style type=\"text\/css\" data-created_by=\"avia_inline_auto\" id=\"style-css-av-qb4mkq-5b87fc2f099a87b290a7a8e2a910de38\">\n#top .av_textblock_section.av-qb4mkq-5b87fc2f099a87b290a7a8e2a910de38 .avia_textblock{\nfont-size:28px;\ncolor:#264f89;\n}\n<\/style>\n<section  class='av_textblock_section av-qb4mkq-5b87fc2f099a87b290a7a8e2a910de38 '   itemscope=\"itemscope\" itemtype=\"https:\/\/schema.org\/CreativeWork\" ><div class='avia_textblock av_inherit_color'  itemprop=\"text\" ><h3 style=\"text-align: left;\"><\/h3>\n<p style=\"text-align: right;\"><strong>Smiljana Milo\u0161evi\u0107, DVM, <\/strong><\/p>\n<p style=\"text-align: right;\">\u0408unior research assistant<\/p>\n<p style=\"text-align: right;\">Department of microbological examination of animal feed<\/p>\n<p style=\"text-align: right;\">E-mail: smiljana.m@niv.ns.ac.rs<\/p>\n<p style=\"text-align: right;\">\u00a0Phone: +381 21 4895 366<\/p>\n<\/div><\/section>\n<\/div><\/div>\n<style type=\"text\/css\" data-created_by=\"avia_inline_auto\" id=\"style-css-av-nflch6-69a1b8e5c6c4291fa3d751364172e0f3\">\n.flex_cell.av-nflch6-69a1b8e5c6c4291fa3d751364172e0f3{\nvertical-align:top;\nbackground-color:#3577e0;\n}\n.responsive #top #wrap_all .flex_cell.av-nflch6-69a1b8e5c6c4291fa3d751364172e0f3{\npadding:30px 30px 30px 30px !important;\n}\n<\/style>\n<div class='flex_cell av-nflch6-69a1b8e5c6c4291fa3d751364172e0f3 av-gridrow-cell av_one_third no_margin  avia-builder-el-4  el_after_av_cell_two_third  avia-builder-el-last  content-align-top'  ><div class='flex_cell_inner'>\n<style type=\"text\/css\" data-created_by=\"avia_inline_auto\" id=\"style-css-av-m4vgmy-711b5c75510af3594f8fdf6386c4b8a6\">\n.avia-image-container.av-m4vgmy-711b5c75510af3594f8fdf6386c4b8a6 img.avia_image{\nbox-shadow:none;\n}\n.avia-image-container.av-m4vgmy-711b5c75510af3594f8fdf6386c4b8a6 .av-image-caption-overlay-center{\ncolor:#ffffff;\n}\n<\/style>\n<div  class='avia-image-container av-m4vgmy-711b5c75510af3594f8fdf6386c4b8a6 av-styling-circle av-hover-grow avia-align-center  avia-builder-el-5  avia-builder-el-no-sibling '   itemprop=\"image\" itemscope=\"itemscope\" itemtype=\"https:\/\/schema.org\/ImageObject\" ><div class=\"avia-image-container-inner\"><div class=\"avia-image-overlay-wrap\"><img decoding=\"async\" fetchpriority=\"high\" class='wp-image-11984 avia-img-lazy-loading-not-11984 avia_image ' src=\"https:\/\/niv.ns.ac.rs\/wp-content\/uploads\/2025\/02\/Smiljana_Milosevic-300x300.png\" alt='' title='Smiljana_Milosevic'  height=\"300\" width=\"300\"  itemprop=\"thumbnailUrl\" srcset=\"https:\/\/niv.ns.ac.rs\/wp-content\/uploads\/2025\/02\/Smiljana_Milosevic-300x300.png 300w, https:\/\/niv.ns.ac.rs\/wp-content\/uploads\/2025\/02\/Smiljana_Milosevic-80x80.png 80w, https:\/\/niv.ns.ac.rs\/wp-content\/uploads\/2025\/02\/Smiljana_Milosevic-36x36.png 36w, https:\/\/niv.ns.ac.rs\/wp-content\/uploads\/2025\/02\/Smiljana_Milosevic-180x180.png 180w, https:\/\/niv.ns.ac.rs\/wp-content\/uploads\/2025\/02\/Smiljana_Milosevic.png 500w\" sizes=\"(max-width: 300px) 100vw, 300px\" \/><\/div><\/div><\/div>\n<\/div><\/div><\/div>\n<style type=\"text\/css\" data-created_by=\"avia_inline_auto\" id=\"style-css-av-b2vtvu-a7f20f8da63806f1f552cb7b13f62f38\">\n.avia-section.av-b2vtvu-a7f20f8da63806f1f552cb7b13f62f38{\nbackground-color:#8bb8e8;\nbackground-image:unset;\n}\n<\/style>\n<div id='av_section_2'  class='avia-section av-b2vtvu-a7f20f8da63806f1f552cb7b13f62f38 main_color avia-section-default avia-no-shadow  avia-builder-el-6  el_after_av_layout_row  el_before_av_one_full  avia-bg-style-scroll container_wrap fullsize'  ><div class='container av-section-cont-open' ><div class='template-page content  av-content-full alpha units'><div class='post-entry post-entry-type-page post-entry-12121'><div class='entry-content-wrapper clearfix'><\/div><\/div><\/div><!-- close content main div --><\/div><\/div><div id='after_section_2'  class='main_color av_default_container_wrap container_wrap fullsize'  ><div class='container av-section-cont-open' ><div class='template-page content  av-content-full alpha units'><div class='post-entry post-entry-type-page post-entry-12121'><div class='entry-content-wrapper clearfix'><\/p>\n\n<style type=\"text\/css\" data-created_by=\"avia_inline_auto\" id=\"style-css-av-91pfx6-5c49c692d4ccb51a64fbaa675c53bc85\">\n.flex_column.av-91pfx6-5c49c692d4ccb51a64fbaa675c53bc85{\nborder-width:1px;\nborder-color:#3a79ad;\nborder-style:solid;\nborder-radius:0px 0px 0px 0px;\npadding:0px 0px 0px 0px;\n}\n<\/style>\n<div  class='flex_column av-91pfx6-5c49c692d4ccb51a64fbaa675c53bc85 av_one_full  avia-builder-el-7  el_after_av_section  el_before_av_social_share  avia-builder-el-first  first flex_column_div av-zero-column-padding  '     ><div  class='tabcontainer av-m7f9z3za-5bc8d6e29a930566c97de40b6d3435f7 top_tab  avia-builder-el-8  avia-builder-el-no-sibling '>\n<section class='av_tab_section av_tab_section av-av_tab-04b41fbf27067ede0f528cc04f26488a'  itemscope=\"itemscope\" itemtype=\"https:\/\/schema.org\/CreativeWork\" ><div id='tab-id-1-tab' class='tab active_tab' role='tab' aria-selected=\"true\" tabindex=\"0\" data-fake-id='#tab-id-1' aria-controls='tab-id-1-content'  itemprop=\"headline\" ><span class='tab_icon avia-iconfont avia-font-entypo-fontello' data-av_icon='\ue80a' data-av_iconfont='entypo-fontello' ><\/span>Curriculum Vitae<\/div><div id='tab-id-1-content' class='tab_content active_tab_content' role='tabpanel' aria-labelledby='tab-id-1-tab' aria-hidden=\"false\"><div class='tab_inner_content invers-color'  itemprop=\"text\" ><p><span style=\"text-decoration: underline;\"><strong>Smiljana Milo\u0161evi\u0107, DVM, Junior Research Assistant<\/strong><\/span><\/p>\n<p>Department of microbological examination of animal feed<\/p>\n<p><strong>Year and place of birth:<\/strong> 1993.; Novi Sad, Republic of Serbia<\/p>\n<p><strong>Scientific field:<\/strong> microbiology and immunology<\/p>\n<p><strong>Telephone number:<\/strong> +381 21 4895 366<\/p>\n<p><strong>\u0415mail:<\/strong> smiljana.m@niv.ns.ac.rs<\/p>\n<p><strong>ResaearchGate:<\/strong> <a href=\"https:\/\/www.researchgate.net\/profile\/Smiljana-Milosevic-2\">Smiljana Milosevic<\/a><\/p>\n<p><strong>ORCID ID:<\/strong> <a href=\"https:\/\/orcid.org\/0009-0003-9908-2391\">0009-0003-9908-2391<\/a><\/p>\n<p><span style=\"text-decoration: underline;\"><strong>Education:<\/strong><\/span><\/p>\n<p>PhD &#8211; department of veterinary medicine, Agricultural faculty, University of Novi Sad: onging<\/p>\n<p>Integrated academic studies, Department of veterinary medicine, Agricultural faculty, University of Novi Sad: 2012. &#8211; 2019.<\/p>\n<p>\u201eIsidora Sekuli\u0107\u201c gymnasium, course for naturalistic sciences, Novi Sad: 2008. &#8211; 2012.<\/p>\n<p><span style=\"text-decoration: underline;\"><strong>Research interests:<\/strong><\/span><\/p>\n<p>Animal feed microbiology,clinical microbiology, molecular diagnostics.<\/p>\n<p>Main everyday research activities:<\/p>\n<p>Animal feed safety, microbilogical research, isolation and idetificaton of bacteria, fungus and mold.<\/p>\n<p><span style=\"text-decoration: underline;\"><strong>Scientific vocation:<\/strong><\/span><\/p>\n<ul>\n<li>\u00b7 May 2024. \u2013 Junior Research Assistant<\/li>\n<\/ul>\n<p><span style=\"text-decoration: underline;\"><strong>Membership in Scietific and Professional associations:<\/strong><\/span><\/p>\n<ul>\n<li>Veterinary Chamber of Serbia<\/li>\n<li>Microbiological Association of Serbia<\/li>\n<\/ul>\n<p><span style=\"text-decoration: underline;\"><strong>Projects:<\/strong><\/span><\/p>\n<p>SAIGE program \u2013 SEED RESEARCH GRANT Project \u2013 \u201eHygienic properties of raw donkey milk\u201c<\/p>\n<p><span style=\"text-decoration: underline;\"><strong>Completed training:<\/strong><\/span><\/p>\n<p>Skills in working with laboratory animals (\u201ev\u201c category), \u0415thics commison of the University of Novi Sad. 2024.<\/p>\n<p><span style=\"text-decoration: underline;\"><strong>Other skills:<\/strong><\/span><\/p>\n<ul>\n<li>English language &#8211; active speaker<\/li>\n<li>Computer skills<\/li>\n<li>\u201eB\u201c category driving licence<\/li>\n<\/ul>\n<\/div><\/div><\/section>\n<section class='av_tab_section av_tab_section av-m7f9z2z4-3feb383ba977b233683772cdaad9612e'  itemscope=\"itemscope\" itemtype=\"https:\/\/schema.org\/CreativeWork\" ><div id='tab-id-2-tab' class='tab' role='tab' aria-selected=\"false\" tabindex=\"0\" data-fake-id='#tab-id-2' aria-controls='tab-id-2-content'  itemprop=\"headline\" ><span class='tab_icon avia-iconfont avia-font-entypo-fontello' data-av_icon='\ue84f' data-av_iconfont='entypo-fontello' ><\/span>References<\/div><div id='tab-id-2-content' class='tab_content' role='tabpanel' aria-labelledby='tab-id-2-tab' aria-hidden=\"true\"><div class='tab_inner_content invers-color'  itemprop=\"text\" ><p><strong>Chosen references:<\/strong><\/p>\n<ol>\n<li>\u017deki\u0107 Marina, Tomanovi\u0107 Sne\u017eana, \u0160ukara Ratko, <strong>Milo\u0161evi\u0107 Smiljana<\/strong>, Savi\u0107 Sara (2021) Detection of Borrelia spirochetes in ticks with q16 real-time PCR. Archives of Veterinary Medicine. 14(1): 85-98. DOI: 10.46784\/eavm.v14i1.269,\u00a0 M24<\/li>\n<\/ol>\n<ol start=\"2\">\n<li>Mar\u010di\u0107 Doroteja, \u017deki\u0107 Sto\u0161i\u0107 Marina, <strong>Milo\u0161evi\u0107 Smiljana<\/strong>, Pu\u0161i\u0107 Ivan, Potkonjak Aleksandar, Tasi\u0107 Ota\u0161evi\u0107 Suzana, Savi\u0107 Sara (2020) Seroprevalence of Leishmania spp. In dogs in northern Serbia. Veterinarski glasnik. 74(2): 189-193. DOI: \/10.2298\/VETGL201030015M, M51<\/li>\n<\/ol>\n<\/div><\/div><\/section>\n<\/div><\/div><div  class='av-social-sharing-box av-ax4yi-ce8ba145d07617afb0f661e091f1342c av-social-sharing-box-default  avia-builder-el-9  el_after_av_one_full  avia-builder-el-last  av-social-sharing-box-fullwidth'><div class=\"av-share-box\"><h5 class='av-share-link-description av-no-toc '>\u041f\u043e\u0434\u0435\u043b\u0438\u0442\u0435 \u043e\u0432\u0443 \u0441\u0442\u0440\u0430\u043d\u0438\u0446\u0443<\/h5><ul class=\"av-share-box-list noLightbox\"><li class='av-share-link av-social-link-facebook avia_social_iconfont' ><a target=\"_blank\" aria-label=\"Share on Facebook\" href='https:\/\/www.facebook.com\/sharer.php?u=https:\/\/niv.ns.ac.rs\/en\/team\/smiljana-milosevic\/&#038;t=Smiljana_Milosevic' data-av_icon='\ue8f3' data-av_iconfont='entypo-fontello'  title='' data-avia-related-tooltip='Share on Facebook'><span class='avia_hidden_link_text'>Share on Facebook<\/span><\/a><\/li><li class='av-share-link av-social-link-twitter avia_social_iconfont' ><a target=\"_blank\" aria-label=\"Share on X\" href='https:\/\/twitter.com\/share?text=Smiljana_Milosevic&#038;url=https:\/\/niv.ns.ac.rs\/en\/?p=12121' data-av_icon='\ue932' data-av_iconfont='entypo-fontello'  title='' data-avia-related-tooltip='Share on X'><span class='avia_hidden_link_text'>Share on X<\/span><\/a><\/li><li class='av-share-link av-social-link-whatsapp avia_social_iconfont' ><a target=\"_blank\" aria-label=\"Share on WhatsApp\" href='https:\/\/api.whatsapp.com\/send?text=https:\/\/niv.ns.ac.rs\/en\/team\/smiljana-milosevic\/' data-av_icon='\uf232' data-av_iconfont='entypo-fontello'  title='' data-avia-related-tooltip='Share on WhatsApp'><span class='avia_hidden_link_text'>Share on WhatsApp<\/span><\/a><\/li><li class='av-share-link av-social-link-pinterest avia_social_iconfont' ><a target=\"_blank\" aria-label=\"Share on Pinterest\" href='https:\/\/pinterest.com\/pin\/create\/button\/?url=https%3A%2F%2Fniv.ns.ac.rs%2Fen%2Fteam%2Fsmiljana-milosevic%2F&#038;description=Smiljana_Milosevic&#038;media=' data-av_icon='\ue8f8' data-av_iconfont='entypo-fontello'  title='' data-avia-related-tooltip='Share on Pinterest'><span class='avia_hidden_link_text'>Share on Pinterest<\/span><\/a><\/li><li class='av-share-link av-social-link-linkedin avia_social_iconfont' ><a target=\"_blank\" aria-label=\"Share on LinkedIn\" href='https:\/\/linkedin.com\/shareArticle?mini=true&#038;title=Smiljana_Milosevic&#038;url=https:\/\/niv.ns.ac.rs\/en\/team\/smiljana-milosevic\/' data-av_icon='\ue8fc' data-av_iconfont='entypo-fontello'  title='' data-avia-related-tooltip='Share on LinkedIn'><span class='avia_hidden_link_text'>Share on LinkedIn<\/span><\/a><\/li><li class='av-share-link av-social-link-mail avia_social_iconfont' ><a  aria-label=\"Share by Mail\" href='mailto:?subject=Smiljana_Milosevic&#038;body=https:\/\/niv.ns.ac.rs\/en\/team\/smiljana-milosevic\/' data-av_icon='\ue805' data-av_iconfont='entypo-fontello'  title='' data-avia-related-tooltip='Share by Mail'><span class='avia_hidden_link_text'>Share by Mail<\/span><\/a><\/li><\/ul><\/div><\/div><\/p>\n","protected":false},"excerpt":{"rendered":"","protected":false},"author":5,"featured_media":0,"parent":7375,"menu_order":0,"comment_status":"closed","ping_status":"closed","template":"","meta":{"protect_children":false,"footnotes":""},"class_list":["post-12121","page","type-page","status-publish","hentry"],"yoast_head":"<!-- This site is optimized with the Yoast SEO Premium plugin v26.1 (Yoast SEO v26.1.1) - https:\/\/yoast.com\/wordpress\/plugins\/seo\/ -->\n<title>Smiljana_Milosevic &#171; \u041d\u0410\u0423\u0427\u041d\u0418 \u0418\u041d\u0421\u0422\u0418\u0422\u0423\u0422 \u0417\u0410 \u0412\u0415\u0422\u0415\u0420\u0418\u041d\u0410\u0420\u0421\u0422\u0412\u041e &quot;\u041d\u041e\u0412\u0418 \u0421\u0410\u0414&quot;<\/title>\n<meta name=\"robots\" content=\"index, follow, max-snippet:-1, max-image-preview:large, max-video-preview:-1\" \/>\n<link rel=\"canonical\" href=\"https:\/\/niv.ns.ac.rs\/en\/team\/smiljana-milosevic\/\" \/>\n<meta property=\"og:locale\" content=\"en_US\" \/>\n<meta property=\"og:type\" content=\"article\" \/>\n<meta property=\"og:title\" content=\"Smiljana_Milosevic\" \/>\n<meta property=\"og:url\" content=\"https:\/\/niv.ns.ac.rs\/en\/team\/smiljana-milosevic\/\" \/>\n<meta property=\"og:site_name\" content=\"\u041d\u0410\u0423\u0427\u041d\u0418 \u0418\u041d\u0421\u0422\u0418\u0422\u0423\u0422 \u0417\u0410 \u0412\u0415\u0422\u0415\u0420\u0418\u041d\u0410\u0420\u0421\u0422\u0412\u041e &quot;\u041d\u041e\u0412\u0418 \u0421\u0410\u0414&quot;\" \/>\n<meta name=\"twitter:card\" content=\"summary_large_image\" \/>\n<meta name=\"twitter:label1\" content=\"Est. reading time\" \/>\n\t<meta name=\"twitter:data1\" content=\"2 minutes\" \/>\n<script type=\"application\/ld+json\" class=\"yoast-schema-graph\">{\"@context\":\"https:\/\/schema.org\",\"@graph\":[{\"@type\":\"WebPage\",\"@id\":\"https:\/\/niv.ns.ac.rs\/en\/team\/smiljana-milosevic\/\",\"url\":\"https:\/\/niv.ns.ac.rs\/en\/team\/smiljana-milosevic\/\",\"name\":\"Smiljana_Milosevic &#171; \u041d\u0410\u0423\u0427\u041d\u0418 \u0418\u041d\u0421\u0422\u0418\u0422\u0423\u0422 \u0417\u0410 \u0412\u0415\u0422\u0415\u0420\u0418\u041d\u0410\u0420\u0421\u0422\u0412\u041e &quot;\u041d\u041e\u0412\u0418 \u0421\u0410\u0414&quot;\",\"isPartOf\":{\"@id\":\"https:\/\/niv.ns.ac.rs\/en\/#website\"},\"datePublished\":\"2025-02-21T21:20:37+00:00\",\"breadcrumb\":{\"@id\":\"https:\/\/niv.ns.ac.rs\/en\/team\/smiljana-milosevic\/#breadcrumb\"},\"inLanguage\":\"en-US\",\"potentialAction\":[{\"@type\":\"ReadAction\",\"target\":[\"https:\/\/niv.ns.ac.rs\/en\/team\/smiljana-milosevic\/\"]}]},{\"@type\":\"BreadcrumbList\",\"@id\":\"https:\/\/niv.ns.ac.rs\/en\/team\/smiljana-milosevic\/#breadcrumb\",\"itemListElement\":[{\"@type\":\"ListItem\",\"position\":1,\"name\":\"\u041f\u043e\u0447\u0435\u0442\u043d\u0430\",\"item\":\"https:\/\/niv.ns.ac.rs\/en\/\"},{\"@type\":\"ListItem\",\"position\":2,\"name\":\"team\",\"item\":\"https:\/\/niv.ns.ac.rs\/en\/team\/\"},{\"@type\":\"ListItem\",\"position\":3,\"name\":\"Smiljana_Milosevic\"}]},{\"@type\":\"WebSite\",\"@id\":\"https:\/\/niv.ns.ac.rs\/en\/#website\",\"url\":\"https:\/\/niv.ns.ac.rs\/en\/\",\"name\":\"\u041d\u0410\u0423\u0427\u041d\u0418 \u0418\u041d\u0421\u0422\u0418\u0422\u0423\u0422 \u0417\u0410 \u0412\u0415\u0422\u0415\u0420\u0418\u041d\u0410\u0420\u0421\u0422\u0412\u041e &quot;\u041d\u041e\u0412\u0418 \u0421\u0410\u0414&quot;\",\"description\":\"\u0412\u0435\u0442\u0435\u0440\u0438\u043d\u0430\u0440\u0441\u0442\u0432\u043e, \u043d\u0430\u0443\u043a\u0430\",\"publisher\":{\"@id\":\"https:\/\/niv.ns.ac.rs\/en\/#organization\"},\"potentialAction\":[{\"@type\":\"SearchAction\",\"target\":{\"@type\":\"EntryPoint\",\"urlTemplate\":\"https:\/\/niv.ns.ac.rs\/en\/?s={search_term_string}\"},\"query-input\":{\"@type\":\"PropertyValueSpecification\",\"valueRequired\":true,\"valueName\":\"search_term_string\"}}],\"inLanguage\":\"en-US\"},{\"@type\":\"Organization\",\"@id\":\"https:\/\/niv.ns.ac.rs\/en\/#organization\",\"name\":\"\u041d\u0430\u0443\u0447\u043d\u0438 \u0438\u043d\u0441\u0442\u0438\u0442\u0443\u0442 \u0437\u0430 \u0432\u0435\u0442\u0435\u0440\u0438\u043d\u0430\u0440\u0441\u0442\u0432\u043e \\\"\u041d\u043e\u0432\u0438 \u0421\u0430\u0434\\\"\",\"url\":\"https:\/\/niv.ns.ac.rs\/en\/\",\"logo\":{\"@type\":\"ImageObject\",\"inLanguage\":\"en-US\",\"@id\":\"https:\/\/niv.ns.ac.rs\/en\/#\/schema\/logo\/image\/\",\"url\":\"https:\/\/niv.ns.ac.rs\/wp-content\/uploads\/2017\/08\/pun-kolor-CIR.png\",\"contentUrl\":\"https:\/\/niv.ns.ac.rs\/wp-content\/uploads\/2017\/08\/pun-kolor-CIR.png\",\"width\":363,\"height\":494,\"caption\":\"\u041d\u0430\u0443\u0447\u043d\u0438 \u0438\u043d\u0441\u0442\u0438\u0442\u0443\u0442 \u0437\u0430 \u0432\u0435\u0442\u0435\u0440\u0438\u043d\u0430\u0440\u0441\u0442\u0432\u043e \\\"\u041d\u043e\u0432\u0438 \u0421\u0430\u0434\\\"\"},\"image\":{\"@id\":\"https:\/\/niv.ns.ac.rs\/en\/#\/schema\/logo\/image\/\"}}]}<\/script>\n<!-- \/ Yoast SEO Premium plugin. -->","yoast_head_json":{"title":"Smiljana_Milosevic &#171; \u041d\u0410\u0423\u0427\u041d\u0418 \u0418\u041d\u0421\u0422\u0418\u0422\u0423\u0422 \u0417\u0410 \u0412\u0415\u0422\u0415\u0420\u0418\u041d\u0410\u0420\u0421\u0422\u0412\u041e &quot;\u041d\u041e\u0412\u0418 \u0421\u0410\u0414&quot;","robots":{"index":"index","follow":"follow","max-snippet":"max-snippet:-1","max-image-preview":"max-image-preview:large","max-video-preview":"max-video-preview:-1"},"canonical":"https:\/\/niv.ns.ac.rs\/en\/team\/smiljana-milosevic\/","og_locale":"en_US","og_type":"article","og_title":"Smiljana_Milosevic","og_url":"https:\/\/niv.ns.ac.rs\/en\/team\/smiljana-milosevic\/","og_site_name":"\u041d\u0410\u0423\u0427\u041d\u0418 \u0418\u041d\u0421\u0422\u0418\u0422\u0423\u0422 \u0417\u0410 \u0412\u0415\u0422\u0415\u0420\u0418\u041d\u0410\u0420\u0421\u0422\u0412\u041e &quot;\u041d\u041e\u0412\u0418 \u0421\u0410\u0414&quot;","twitter_card":"summary_large_image","twitter_misc":{"Est. reading time":"2 minutes"},"schema":{"@context":"https:\/\/schema.org","@graph":[{"@type":"WebPage","@id":"https:\/\/niv.ns.ac.rs\/en\/team\/smiljana-milosevic\/","url":"https:\/\/niv.ns.ac.rs\/en\/team\/smiljana-milosevic\/","name":"Smiljana_Milosevic &#171; \u041d\u0410\u0423\u0427\u041d\u0418 \u0418\u041d\u0421\u0422\u0418\u0422\u0423\u0422 \u0417\u0410 \u0412\u0415\u0422\u0415\u0420\u0418\u041d\u0410\u0420\u0421\u0422\u0412\u041e &quot;\u041d\u041e\u0412\u0418 \u0421\u0410\u0414&quot;","isPartOf":{"@id":"https:\/\/niv.ns.ac.rs\/en\/#website"},"datePublished":"2025-02-21T21:20:37+00:00","breadcrumb":{"@id":"https:\/\/niv.ns.ac.rs\/en\/team\/smiljana-milosevic\/#breadcrumb"},"inLanguage":"en-US","potentialAction":[{"@type":"ReadAction","target":["https:\/\/niv.ns.ac.rs\/en\/team\/smiljana-milosevic\/"]}]},{"@type":"BreadcrumbList","@id":"https:\/\/niv.ns.ac.rs\/en\/team\/smiljana-milosevic\/#breadcrumb","itemListElement":[{"@type":"ListItem","position":1,"name":"\u041f\u043e\u0447\u0435\u0442\u043d\u0430","item":"https:\/\/niv.ns.ac.rs\/en\/"},{"@type":"ListItem","position":2,"name":"team","item":"https:\/\/niv.ns.ac.rs\/en\/team\/"},{"@type":"ListItem","position":3,"name":"Smiljana_Milosevic"}]},{"@type":"WebSite","@id":"https:\/\/niv.ns.ac.rs\/en\/#website","url":"https:\/\/niv.ns.ac.rs\/en\/","name":"\u041d\u0410\u0423\u0427\u041d\u0418 \u0418\u041d\u0421\u0422\u0418\u0422\u0423\u0422 \u0417\u0410 \u0412\u0415\u0422\u0415\u0420\u0418\u041d\u0410\u0420\u0421\u0422\u0412\u041e &quot;\u041d\u041e\u0412\u0418 \u0421\u0410\u0414&quot;","description":"\u0412\u0435\u0442\u0435\u0440\u0438\u043d\u0430\u0440\u0441\u0442\u0432\u043e, \u043d\u0430\u0443\u043a\u0430","publisher":{"@id":"https:\/\/niv.ns.ac.rs\/en\/#organization"},"potentialAction":[{"@type":"SearchAction","target":{"@type":"EntryPoint","urlTemplate":"https:\/\/niv.ns.ac.rs\/en\/?s={search_term_string}"},"query-input":{"@type":"PropertyValueSpecification","valueRequired":true,"valueName":"search_term_string"}}],"inLanguage":"en-US"},{"@type":"Organization","@id":"https:\/\/niv.ns.ac.rs\/en\/#organization","name":"\u041d\u0430\u0443\u0447\u043d\u0438 \u0438\u043d\u0441\u0442\u0438\u0442\u0443\u0442 \u0437\u0430 \u0432\u0435\u0442\u0435\u0440\u0438\u043d\u0430\u0440\u0441\u0442\u0432\u043e \"\u041d\u043e\u0432\u0438 \u0421\u0430\u0434\"","url":"https:\/\/niv.ns.ac.rs\/en\/","logo":{"@type":"ImageObject","inLanguage":"en-US","@id":"https:\/\/niv.ns.ac.rs\/en\/#\/schema\/logo\/image\/","url":"https:\/\/niv.ns.ac.rs\/wp-content\/uploads\/2017\/08\/pun-kolor-CIR.png","contentUrl":"https:\/\/niv.ns.ac.rs\/wp-content\/uploads\/2017\/08\/pun-kolor-CIR.png","width":363,"height":494,"caption":"\u041d\u0430\u0443\u0447\u043d\u0438 \u0438\u043d\u0441\u0442\u0438\u0442\u0443\u0442 \u0437\u0430 \u0432\u0435\u0442\u0435\u0440\u0438\u043d\u0430\u0440\u0441\u0442\u0432\u043e \"\u041d\u043e\u0432\u0438 \u0421\u0430\u0434\""},"image":{"@id":"https:\/\/niv.ns.ac.rs\/en\/#\/schema\/logo\/image\/"}}]}},"_links":{"self":[{"href":"https:\/\/niv.ns.ac.rs\/en\/wp-json\/wp\/v2\/pages\/12121","targetHints":{"allow":["GET"]}}],"collection":[{"href":"https:\/\/niv.ns.ac.rs\/en\/wp-json\/wp\/v2\/pages"}],"about":[{"href":"https:\/\/niv.ns.ac.rs\/en\/wp-json\/wp\/v2\/types\/page"}],"author":[{"embeddable":true,"href":"https:\/\/niv.ns.ac.rs\/en\/wp-json\/wp\/v2\/users\/5"}],"replies":[{"embeddable":true,"href":"https:\/\/niv.ns.ac.rs\/en\/wp-json\/wp\/v2\/comments?post=12121"}],"version-history":[{"count":2,"href":"https:\/\/niv.ns.ac.rs\/en\/wp-json\/wp\/v2\/pages\/12121\/revisions"}],"predecessor-version":[{"id":12123,"href":"https:\/\/niv.ns.ac.rs\/en\/wp-json\/wp\/v2\/pages\/12121\/revisions\/12123"}],"up":[{"embeddable":true,"href":"https:\/\/niv.ns.ac.rs\/en\/wp-json\/wp\/v2\/pages\/7375"}],"wp:attachment":[{"href":"https:\/\/niv.ns.ac.rs\/en\/wp-json\/wp\/v2\/media?parent=12121"}],"curies":[{"name":"wp","href":"https:\/\/api.w.org\/{rel}","templated":true}]}}